{"id":6334,"date":"2025-07-17T15:35:30","date_gmt":"2025-07-17T13:35:30","guid":{"rendered":"https:\/\/clients.linuit-web.fr\/glog\/?page_id=6334"},"modified":"2025-07-18T09:51:46","modified_gmt":"2025-07-18T07:51:46","slug":"privacybeleid-2","status":"publish","type":"page","link":"https:\/\/www.glog.fr\/nl\/politique-de-confidentialite-2\/","title":{"rendered":"Privacybeleid"},"content":{"rendered":"<div data-elementor-type=\"wp-page\" data-elementor-id=\"6334\" class=\"elementor elementor-6334\">\n\t\t\t\t<div class=\"elementor-element elementor-element-32fb2fe e-con-full e-flex e-con e-parent\" data-id=\"32fb2fe\" data-element_type=\"container\" data-settings=\"{&quot;background_background&quot;:&quot;classic&quot;}\">\n\t\t\t\t<div class=\"elementor-element elementor-element-0adedd6 elementor-widget elementor-widget-freightexpress_core_section_title\" data-id=\"0adedd6\" data-element_type=\"widget\" data-widget_type=\"freightexpress_core_section_title.default\">\n\t\t\t\t<div class=\"elementor-widget-container\">\n\t\t\t\t\t<div class=\"qodef-shortcode qodef-m header_home_title qodef-section-title qodef-alignment--left\">\n    \t\t<h1 class=\"qodef-m-title\" style=\"color: #FFFFFF\">\n\t\t\tPrivacybeleid \t<\/h1>\n\t    <\/div>\n\t\t\t\t<\/div>\n\t\t\t\t<\/div>\n\t\t\t\t<\/div>\n\t\t<div class=\"elementor-element elementor-element-c183f5b e-flex e-con-boxed e-con e-parent\" data-id=\"c183f5b\" data-element_type=\"container\">\n\t\t\t\t\t<div class=\"e-con-inner\">\n\t\t\t\t<div class=\"elementor-element elementor-element-df92863 elementor-widget__width-inherit elementor-widget elementor-widget-text-editor\" data-id=\"df92863\" data-element_type=\"widget\" data-widget_type=\"text-editor.default\">\n\t\t\t\t<div class=\"elementor-widget-container\">\n\t\t\t\t\t\t\t\t\t<h2><span data-contrast=\"auto\">Beheer van cookies<\/span><span data-ccp-props=\"{}\">\u00a0<\/span><\/h2><p><span data-contrast=\"auto\">Wat is een koekje?<\/span><span data-ccp-props=\"{}\">\u00a0<\/span><\/p><p><span data-contrast=\"auto\">Een cookie is een klein tekstbestand dat op uw terminal (computer, smartphone, Plaat, enz.) wordt geplaatst wanneer u een website bezoekt. Cookies worden veel gebruikt om websites te laten werken, hun prestaties te verbeteren of informatie te verstrekken aan de website-eigenaars.<\/span><span data-ccp-props=\"{}\">\u00a0<\/span><\/p><h2><span data-contrast=\"auto\">Waarom gebruiken we cookies?<\/span><span data-ccp-props=\"{}\">\u00a0<\/span><\/h2><p><span data-contrast=\"auto\">De website <\/span><a href=\"http:\/\/www.glog.fr\/nl\/\"><span data-contrast=\"none\">www.glog.fr<\/span><\/a><span data-contrast=\"auto\"> gebruikt cookies om :<\/span><span data-ccp-props=\"{}\">\u00a0<\/span><\/p><p><span data-contrast=\"auto\">Zorgen voor een soepel verloop van de site<\/span><span data-ccp-props=\"{}\">\u00a0<\/span><\/p><p><span data-contrast=\"auto\">Het publiek en de prestaties van de site meten (bezoekersstatistieken)<\/span><span data-ccp-props=\"{}\">\u00a0<\/span><\/p><p><span data-contrast=\"auto\">De gebruikerservaring verbeteren<\/span><span data-ccp-props=\"{}\">\u00a0<\/span><\/p><h2><span data-contrast=\"auto\">Gebruikte soorten cookies<\/span><span data-ccp-props=\"{}\">\u00a0<\/span><\/h2><ol><li><span data-contrast=\"auto\">Strikt noodzakelijke cookies<\/span>\u00a0<br \/><span data-contrast=\"auto\"> Deze cookies zijn essentieel voor het goed functioneren van de site. Ze worden bijvoorbeeld gebruikt om de veiligheid en toegankelijkheid van de site te garanderen.<\/span><span data-ccp-props=\"{}\">\u00a0<\/span><\/li><li><span data-contrast=\"auto\">Cookies voor publieksmetingen<\/span>\u00a0<br \/><span data-contrast=\"auto\"> Deze cookies stellen ons in staat om informatie te verzamelen over het gebruik en de frequentie van bezoeken aan de site om de inhoud en ergonomie ervan te verbeteren via Piano Analytics.<\/span><span data-ccp-props=\"{}\">\u00a0<\/span><\/li><li><span data-contrast=\"auto\">Personalisatie cookies <\/span>\u00a0<br \/><span data-contrast=\"auto\"> Deze cookies worden gebruikt om bepaalde inhoud te personaliseren op basis van uw surfgedrag.<\/span><span data-ccp-props=\"{}\">\u00a0<\/span><\/li><\/ol><h2><span data-contrast=\"auto\">Beheer van cookies<\/span><span data-ccp-props=\"{}\">\u00a0<\/span><\/h2><p><span data-contrast=\"auto\">Wanneer u de site voor het eerst bezoekt, wordt u via een banner ge\u00efnformeerd over het gebruik van cookies en kunt u uw voorkeuren instellen.<\/span>\u00a0<br \/><span data-contrast=\"auto\"> U kunt uw keuzes met betrekking tot cookies op elk gewenst moment wijzigen via de voorkeurenmanager op de site.<\/span><span data-ccp-props=\"{}\">\u00a0<\/span><\/p><p><span data-contrast=\"auto\">U kunt uw browser ook zo instellen dat alle of sommige cookies worden geweigerd. Klik hier voor meer informatie:<\/span><span data-ccp-props=\"{}\">\u00a0<\/span><\/p><ul><li><span data-contrast=\"auto\">CNIL: Cookies, de tools om ze te beheren<\/span><span data-ccp-props=\"{}\">\u00a0<\/span><\/li><\/ul><h2><span data-contrast=\"auto\">Bewaarperiode cookies<\/span><span data-ccp-props=\"{}\">\u00a0<\/span><\/h2><p><span data-contrast=\"auto\">Cookies worden maximaal 13 maanden bewaard vanaf het moment dat ze op uw terminal zijn geplaatst.<\/span><span data-ccp-props=\"{}\">\u00a0<\/span><\/p><p><span data-ccp-props=\"{}\">\u00a0<\/span><\/p><h2><span data-contrast=\"auto\">Privacybeleid<\/span><span data-ccp-props=\"{}\">\u00a0<\/span><\/h2><h3><span data-contrast=\"auto\">Gegevensbeheerder<\/span><span data-ccp-props=\"{}\">\u00a0<\/span><\/h3><p><span data-contrast=\"auto\">De partij die verantwoordelijk is voor de verwerking van de persoonsgegevens die op de site worden verzameld, is :<\/span>\u00a0<br \/><span data-contrast=\"auto\"> Glog<\/span>\u00a0<br \/><span data-contrast=\"auto\"> Rue Didier Daurat - ZAC Airlande - 35136 Saint-Jacques-de-la-Lande<\/span>\u00a0<br \/><span data-contrast=\"auto\"> Contact e-mail : <\/span><a href=\"mailto:contact@glog.fr\"><span data-contrast=\"none\">contact@glog.fr<\/span><\/a><span data-contrast=\"auto\"> (te bevestigen)<\/span><span data-ccp-props=\"{}\">\u00a0<\/span><\/p><h3><span data-contrast=\"auto\">Verzamelde gegevens<\/span><span data-ccp-props=\"{}\">\u00a0<\/span><\/h3><p><span data-contrast=\"auto\">We verzamelen en verwerken persoonlijke gegevens als onderdeel van onze BtoB-transacties:<\/span><span data-ccp-props=\"{}\">\u00a0<\/span><\/p><ul><li><span data-contrast=\"auto\">Contactformulier (achternaam, voornaam, bedrijf, e-mailadres, telefoon)<\/span><span data-ccp-props=\"{}\">\u00a0<\/span><\/li><li><span data-contrast=\"auto\">Browsergegevens (IP-adres, cookies, publieksstatistieken)<\/span><span data-ccp-props=\"{}\">\u00a0<\/span><\/li><\/ul><h3><span data-contrast=\"auto\">Doeleinden van verwerking<\/span><span data-ccp-props=\"{}\">\u00a0<\/span><\/h3><p><span data-contrast=\"auto\">De verzamelde gegevens worden voor de volgende doeleinden verwerkt:<\/span><span data-ccp-props=\"{}\">\u00a0<\/span><\/p><ul><li><span data-contrast=\"auto\">Contact- en informatieverzoeken beheren<\/span><span data-ccp-props=\"{}\">\u00a0<\/span><\/li><li><span data-contrast=\"auto\">Beheer van commerci\u00eble relaties<\/span><span data-ccp-props=\"{}\">\u00a0<\/span><\/li><li><span data-contrast=\"auto\">Onze diensten verbeteren<\/span><span data-ccp-props=\"{}\">\u00a0<\/span><\/li><li><span data-contrast=\"auto\">Statistische analyse van websiteverkeer<\/span><span data-ccp-props=\"{}\">\u00a0<\/span><\/li><\/ul><h3><span data-contrast=\"auto\">Wettelijke basis<\/span><span data-ccp-props=\"{}\">\u00a0<\/span><\/h3><p><span data-contrast=\"auto\">De gegevensverwerking is gebaseerd op :<\/span><span data-ccp-props=\"{}\">\u00a0<\/span><\/p><ul><li><span data-contrast=\"auto\">Ons rechtmatig belang om te reageren op verzoeken en onze diensten te verbeteren<\/span><span data-ccp-props=\"{}\">\u00a0<\/span><\/li><li><span data-contrast=\"auto\">Voorafgaande toestemming voor cookies waarvoor toestemming is vereist<\/span><span data-ccp-props=\"{}\">\u00a0<\/span><\/li><\/ul><h3><span data-contrast=\"auto\">Gegevens delen<\/span><span data-ccp-props=\"{}\">\u00a0<\/span><\/h3><p><span data-contrast=\"auto\">De gegevens worden enkel meegedeeld aan bevoegd personeel van Glog en haar technische dienstverleners (webhost, webontwikkelaar), met als enig doel het beheer van de site.<\/span><span data-ccp-props=\"{}\">\u00a0<\/span><\/p><p><span data-contrast=\"auto\">In geen geval worden gegevens verkocht aan derden.<\/span><span data-ccp-props=\"{}\">\u00a0<\/span><\/p><h3><span data-contrast=\"auto\">Houdbaarheid<\/span><span data-ccp-props=\"{}\">\u00a0<\/span><\/h3><p><span data-contrast=\"auto\">Persoonsgegevens worden bewaard gedurende een periode die strikt noodzakelijk is voor de doeleinden van de verwerking:<\/span><span data-ccp-props=\"{}\">\u00a0<\/span><\/p><ul><li><span data-contrast=\"auto\">Contactgegevens: 3 jaar na laatste contact<\/span><span data-ccp-props=\"{}\">\u00a0<\/span><\/li><li><span data-contrast=\"auto\">Browsergegevens (cookies): maximaal 13 maanden<\/span><span data-ccp-props=\"{}\">\u00a0<\/span><\/li><\/ul><h3><span data-contrast=\"auto\">Beveiliging<\/span><span data-ccp-props=\"{}\">\u00a0<\/span><\/h3><p><span data-contrast=\"auto\">Glog implementeert alle passende technische en organisatorische maatregelen om persoonsgegevens te beschermen tegen verlies, ongeoorloofde toegang of openbaarmaking.<\/span><span data-ccp-props=\"{}\">\u00a0<\/span><\/p><h3><span data-contrast=\"auto\">Uw rechten<\/span><span data-ccp-props=\"{}\">\u00a0<\/span><\/h3><p><span data-contrast=\"auto\">In overeenstemming met de huidige wetgeving (RGPD) heb je de volgende rechten:<\/span><span data-ccp-props=\"{}\">\u00a0<\/span><\/p><ul><li><span data-contrast=\"auto\">Recht op toegang tot uw gegevens<\/span><span data-ccp-props=\"{}\">\u00a0<\/span><\/li><li><span data-contrast=\"auto\">Recht op correctie<\/span><span data-ccp-props=\"{}\">\u00a0<\/span><\/li><li><span data-contrast=\"auto\">Recht op wissen<\/span><span data-ccp-props=\"{}\">\u00a0<\/span><\/li><li><span data-contrast=\"auto\">Recht op beperking van de verwerking<\/span><span data-ccp-props=\"{}\">\u00a0<\/span><\/li><li><span data-contrast=\"auto\">Recht op bezwaar<\/span><span data-ccp-props=\"{}\">\u00a0<\/span><\/li><li><span data-contrast=\"auto\">Recht op overdraagbaarheid<\/span><span data-ccp-props=\"{}\">\u00a0<\/span><\/li><\/ul><p><span data-contrast=\"auto\">U kunt deze rechten uitoefenen door contact met ons op te nemen op het volgende adres <\/span><a href=\"mailto:contact@gpggranit.com\"><span data-contrast=\"none\">contact@gpggranit.com<\/span><\/a>\u00a0<br \/><span data-contrast=\"auto\"> Als u problemen hebt, kunt u contact opnemen met de CNIL (<\/span><a href=\"https:\/\/www.cnil.fr\/\"><span data-contrast=\"none\">www.cnil.fr<\/span><\/a><span data-contrast=\"auto\">).<\/span><span data-ccp-props=\"{}\">\u00a0<\/span><\/p>\t\t\t\t\t\t\t\t<\/div>\n\t\t\t\t<\/div>\n\t\t\t\t\t<\/div>\n\t\t\t\t<\/div>\n\t\t\t\t<\/div>","protected":false},"excerpt":{"rendered":"<p>Politique de Confidentialit\u00e9 Gestion des cookies\u00a0 Qu\u2019est-ce qu\u2019un cookie ?\u00a0 Un cookie est un petit fichier texte d\u00e9pos\u00e9 sur votre terminal (ordinateur, smartphone, tablette\u2026) lors de la visite d\u2019un site internet. Les cookies sont largement utilis\u00e9s pour faire fonctionner les sites, am\u00e9liorer leur performance ou fournir des informations aux propri\u00e9taires du site.\u00a0 Pourquoi utilisons-nous des [&hellip;]<\/p>\n","protected":false},"author":1,"featured_media":0,"parent":0,"menu_order":-140,"comment_status":"closed","ping_status":"closed","template":"page-full-width.php","meta":{"footnotes":""},"class_list":["post-6334","page","type-page","status-publish","hentry"],"_links":{"self":[{"href":"https:\/\/www.glog.fr\/nl\/wp-json\/wp\/v2\/pages\/6334","targetHints":{"allow":["GET"]}}],"collection":[{"href":"https:\/\/www.glog.fr\/nl\/wp-json\/wp\/v2\/pages"}],"about":[{"href":"https:\/\/www.glog.fr\/nl\/wp-json\/wp\/v2\/types\/page"}],"author":[{"embeddable":true,"href":"https:\/\/www.glog.fr\/nl\/wp-json\/wp\/v2\/users\/1"}],"replies":[{"embeddable":true,"href":"https:\/\/www.glog.fr\/nl\/wp-json\/wp\/v2\/comments?post=6334"}],"version-history":[{"count":7,"href":"https:\/\/www.glog.fr\/nl\/wp-json\/wp\/v2\/pages\/6334\/revisions"}],"predecessor-version":[{"id":6348,"href":"https:\/\/www.glog.fr\/nl\/wp-json\/wp\/v2\/pages\/6334\/revisions\/6348"}],"wp:attachment":[{"href":"https:\/\/www.glog.fr\/nl\/wp-json\/wp\/v2\/media?parent=6334"}],"curies":[{"name":"wp","href":"https:\/\/api.w.org\/{rel}","templated":true}]}}