{"id":6327,"date":"2025-07-17T15:31:37","date_gmt":"2025-07-17T13:31:37","guid":{"rendered":"https:\/\/clients.linuit-web.fr\/glog\/?page_id=6327"},"modified":"2025-07-18T09:37:39","modified_gmt":"2025-07-18T07:37:39","slug":"juridische-informatie","status":"publish","type":"page","link":"https:\/\/www.glog.fr\/nl\/mentions-legales\/","title":{"rendered":"Juridische informatie"},"content":{"rendered":"<div data-elementor-type=\"wp-page\" data-elementor-id=\"6327\" class=\"elementor elementor-6327\">\n\t\t\t\t<div class=\"elementor-element elementor-element-32fb2fe e-con-full e-flex e-con e-parent\" data-id=\"32fb2fe\" data-element_type=\"container\" data-settings=\"{&quot;background_background&quot;:&quot;classic&quot;}\">\n\t\t\t\t<div class=\"elementor-element elementor-element-0adedd6 elementor-widget elementor-widget-freightexpress_core_section_title\" data-id=\"0adedd6\" data-element_type=\"widget\" data-widget_type=\"freightexpress_core_section_title.default\">\n\t\t\t\t<div class=\"elementor-widget-container\">\n\t\t\t\t\t<div class=\"qodef-shortcode qodef-m header_home_title qodef-section-title qodef-alignment--left\">\n    \t\t<h1 class=\"qodef-m-title\" style=\"color: #FFFFFF\">\n\t\t\tJuridische informatie\t<\/h1>\n\t    <\/div>\n\t\t\t\t<\/div>\n\t\t\t\t<\/div>\n\t\t\t\t<\/div>\n\t\t<div class=\"elementor-element elementor-element-c183f5b e-flex e-con-boxed e-con e-parent\" data-id=\"c183f5b\" data-element_type=\"container\">\n\t\t\t\t\t<div class=\"e-con-inner\">\n\t\t\t\t<div class=\"elementor-element elementor-element-df92863 elementor-widget__width-inherit elementor-widget elementor-widget-text-editor\" data-id=\"df92863\" data-element_type=\"widget\" data-widget_type=\"text-editor.default\">\n\t\t\t\t<div class=\"elementor-widget-container\">\n\t\t\t\t\t\t\t\t\t<h2><span data-contrast=\"auto\">Uitgever<\/span><span data-ccp-props=\"{}\">\u00a0<\/span><\/h2><p><span data-contrast=\"auto\">Deze website is gepubliceerd door :<\/span>\u00a0<br \/><span data-contrast=\"auto\"> Glog - hierna te noemen \u00abde Site-eigenaar\u00bb<\/span>\u00a0<br \/><span data-contrast=\"auto\"> Soci\u00e9t\u00e9 par Actions Simplifi\u00e9e (SAS) met een kapitaal van 5.000,00 euro<\/span>\u00a0<br \/><span data-contrast=\"auto\"> Ingeschreven bij het Registre du Commerce et des Soci\u00e9t\u00e9s de Rennes onder nummer 878 179 274 00013<\/span>\u00a0<br \/><span data-contrast=\"auto\"> Hoofdkantoor: Rue Didier Daurat - ZAC Airlande - 35136 Saint-Jacques-de-la-Lande - Frankrijk<\/span>\u00a0<br \/><span data-contrast=\"auto\"> Telefoon: 02 23 20 10 10<\/span>\u00a0<br \/><span data-contrast=\"auto\"> De Publicatiedirecteur van de site is de heer Alexis JUBERT, in zijn hoedanigheid van Voorzitter van Glog.<\/span><span data-ccp-props=\"{}\">\u00a0<\/span><\/p><h2><span data-contrast=\"auto\">Hosting<\/span><span data-ccp-props=\"{}\">\u00a0<\/span><\/h2><p><span data-contrast=\"auto\">De site wordt gehost door :<\/span><span data-ccp-props=\"{}\">\u00a0<\/span><\/p><p><span data-contrast=\"auto\">\u00a0Inovacom.\u00a0\u00a0<\/span><span data-ccp-props=\"{}\">\u00a0<\/span><\/p><p><span data-contrast=\"auto\">Rungis MIN<\/span>\u00a0<br \/><span data-contrast=\"auto\">Gebouw G5B<\/span>\u00a0<br \/><span data-contrast=\"auto\">5 Rue de la Corderie<\/span>\u00a0<br \/><span data-contrast=\"auto\">94550 Chevilly-Larue, \u00cele-de-France<\/span><span data-ccp-props=\"{}\">\u00a0<\/span><\/p><p><span data-contrast=\"auto\">Telefoonnummer voor technische ondersteuning: 01 84 20 13 00<\/span>\u00a0<br \/><span data-contrast=\"auto\">Telefonische verkoopafdeling: 01 84 20 13 02<\/span>\u00a0<br \/><span data-contrast=\"auto\">E-mail : <\/span><a href=\"mailto:contact@inovacom.fr\"><span data-contrast=\"none\">contact@inovacom.fr<\/span><\/a><span data-ccp-props=\"{}\">\u00a0<\/span><\/p><p><span data-ccp-props=\"{}\">\u00a0<\/span><\/p><h2><span data-contrast=\"auto\">Creatie en onderhoud\u00a0<\/span><span data-ccp-props=\"{}\">\u00a0<\/span><\/h2><p><span data-contrast=\"auto\">Inuit-agentschap<\/span>\u00a0<br \/><span data-contrast=\"auto\">2 Av. Albert de Mun, 44600 Saint-Nazaire<\/span>\u00a0<br \/><a href=\"http:\/\/www.linuit.com\/\"><span data-contrast=\"none\">http:\/\/www.linuit.com\/<\/span><\/a>\u00a0<br \/><span data-contrast=\"auto\">Tel : 0630131167\u00a0\u00a0<\/span><span data-ccp-props=\"{}\">\u00a0<\/span><\/p><h2><span data-contrast=\"auto\">Persoonlijke gegevens<\/span><span data-ccp-props=\"{}\">\u00a0<\/span><\/h2><p><span data-contrast=\"auto\">Voor meer informatie over ons beleid inzake het beheer van persoonlijke gegevens kunt u de pagina raadplegen die hieraan is gewijd.<\/span><span data-ccp-props=\"{}\">\u00a0<\/span><\/p><h2><span data-contrast=\"auto\">Cookies<\/span><span data-ccp-props=\"{}\">\u00a0<\/span><\/h2><p><span data-contrast=\"auto\">De site gebruikt cookies om uw gebruikerservaring te verbeteren en het publiek op de site te meten.<\/span>\u00a0<br \/><span data-contrast=\"auto\"> Om meer te weten te komen over het gebruik van cookies en om uw voorkeuren te beheren, kunt u onze <\/span><span data-contrast=\"none\">Cookiebeheerbeleid.<\/span><\/p><h2><span data-contrast=\"auto\">Hyperlinks<\/span><span data-ccp-props=\"{}\">\u00a0<\/span><\/h2><p><span data-contrast=\"auto\">Voor het maken van hyperlinks naar deze site is de voorafgaande schriftelijke toestemming van de eigenaar van de site vereist.<\/span>\u00a0<br \/><span data-contrast=\"auto\"> Door op een hyperlink of een reclamebanner te klikken, kan de gebruiker worden omgeleid naar een externe site. De Site-eigenaar kan niet verantwoordelijk worden gehouden voor de inhoud van deze sites of hun beleid voor het beheer van persoonsgegevens.<\/span>\u00a0<br \/><span data-contrast=\"auto\"> Bovendien kan deze site zijn gekoppeld aan andere sites zonder medeweten van de site-eigenaar. De site-eigenaar wijst alle verantwoordelijkheid af voor de informatie op deze andere sites.<\/span><span data-ccp-props=\"{}\">\u00a0<\/span><\/p><h2><span data-contrast=\"auto\">Aansprakelijkheid<\/span><span data-ccp-props=\"{}\">\u00a0<\/span><\/h2><p><span data-contrast=\"auto\">De eigenaar van de site stelt alles in het werk om ervoor te zorgen dat de informatie op deze site accuraat en up-to-date is. Hij kan echter niet verantwoordelijk worden gehouden voor eventuele fouten of weglatingen.<\/span>\u00a0<br \/><span data-contrast=\"auto\"> De Site-eigenaar kan niet aansprakelijk worden gesteld voor directe of indirecte schade die voortvloeit uit de toegang tot of het gebruik van de site, met inbegrip van ontoegankelijkheid, verlies van gegevens, schade of virussen die de computerapparatuur van de gebruiker kunnen aantasten.<\/span><span data-ccp-props=\"{}\">\u00a0<\/span><\/p><h2><span data-contrast=\"auto\">Intellectueel eigendom<\/span><span data-ccp-props=\"{}\">\u00a0<\/span><\/h2><p><span data-contrast=\"auto\">Alle elementen aanwezig op de site <\/span><a href=\"http:\/\/www.glog.fr\/nl\/\"><span data-contrast=\"none\">www.glog.fr<\/span><\/a><span data-contrast=\"auto\"> is het exclusieve eigendom van Glog.<\/span>\u00a0<br \/><span data-contrast=\"auto\"> Elke reproductie, weergave, wijziging of verspreiding van deze elementen zonder voorafgaande schriftelijke toestemming van de Site-eigenaar is ten strengste verboden.<\/span>\u00a0<br \/><span data-contrast=\"auto\"> De handelsmerken en logo's op deze site zijn beschermd. Elke gehele of gedeeltelijke reproductie zonder schriftelijke toestemming van de eigenaar van de site of de derde die de rechten bezit, is verboden.<\/span>\u00a0<br \/><span data-contrast=\"auto\">De afbeeldingen en foto's zijn eigendom van de eigenaar van de site of worden gebruikt met toestemming van de houders van de betreffende rechten. Het gebruik ervan door derden is verboden zonder uitdrukkelijke toestemming.<\/span><span data-ccp-props=\"{}\"> Fotocredit : <a href=\"https:\/\/oxanaphotography.fr\/\">Oxana Fotografie <\/a><\/span><\/p><h2><span data-contrast=\"auto\">Illegale inhoud of gedrag<\/span><span data-ccp-props=\"{}\">\u00a0<\/span><\/h2><p><span data-contrast=\"auto\">U kunt illegale inhoud of gedrag dat u op deze site tegenkomt melden door een e-mail te sturen naar <\/span><span data-contrast=\"auto\">Naar het volgende adres\u00a0<\/span><a href=\"mailto:contact@glog.fr\"><span data-contrast=\"none\">contact@gpggranit.com<\/span><\/a><span data-ccp-props=\"{}\">\u00a0<\/span><\/p><h2><span data-contrast=\"auto\">Toepasselijk recht<\/span><span data-ccp-props=\"{}\">\u00a0<\/span><\/h2><p><span data-contrast=\"auto\">Op deze wettelijke kennisgeving is het Franse recht van toepassing. Alle geschillen met betrekking tot het gebruik van de site vallen onder de exclusieve bevoegdheid van de Franse rechtbanken.<\/span><span data-ccp-props=\"{}\">\u00a0<\/span><\/p><h2><span data-contrast=\"auto\">Veranderingen<\/span><span data-ccp-props=\"{}\">\u00a0<\/span><\/h2><p><span data-contrast=\"auto\">De eigenaar van de site behoudt zich het recht voor om deze wettelijke kennisgeving op elk gewenst moment en zonder voorafgaande kennisgeving aan gebruikers te wijzigen of bij te werken.<\/span><span data-ccp-props=\"{}\">\u00a0<\/span><\/p>\t\t\t\t\t\t\t\t<\/div>\n\t\t\t\t<\/div>\n\t\t\t\t\t<\/div>\n\t\t\t\t<\/div>\n\t\t\t\t<\/div>","protected":false},"excerpt":{"rendered":"<p>Mentions l\u00e9gales \u00c9diteur du site\u00a0 Le pr\u00e9sent site est \u00e9dit\u00e9 par :\u00a0 Glog \u2013 ci-apr\u00e8s d\u00e9nomm\u00e9 \u00ab Le Propri\u00e9taire du Site \u00bb\u00a0 Soci\u00e9t\u00e9 par Actions Simplifi\u00e9e (SAS) au capital de 5 000,00 euros\u00a0 Immatricul\u00e9e au Registre du Commerce et des Soci\u00e9t\u00e9s de Rennes sous le num\u00e9ro 878 179 274 00013\u00a0 Si\u00e8ge social : Rue Didier [&hellip;]<\/p>\n","protected":false},"author":1,"featured_media":0,"parent":0,"menu_order":-150,"comment_status":"closed","ping_status":"closed","template":"page-full-width.php","meta":{"footnotes":""},"class_list":["post-6327","page","type-page","status-publish","hentry"],"_links":{"self":[{"href":"https:\/\/www.glog.fr\/nl\/wp-json\/wp\/v2\/pages\/6327","targetHints":{"allow":["GET"]}}],"collection":[{"href":"https:\/\/www.glog.fr\/nl\/wp-json\/wp\/v2\/pages"}],"about":[{"href":"https:\/\/www.glog.fr\/nl\/wp-json\/wp\/v2\/types\/page"}],"author":[{"embeddable":true,"href":"https:\/\/www.glog.fr\/nl\/wp-json\/wp\/v2\/users\/1"}],"replies":[{"embeddable":true,"href":"https:\/\/www.glog.fr\/nl\/wp-json\/wp\/v2\/comments?post=6327"}],"version-history":[{"count":10,"href":"https:\/\/www.glog.fr\/nl\/wp-json\/wp\/v2\/pages\/6327\/revisions"}],"predecessor-version":[{"id":6345,"href":"https:\/\/www.glog.fr\/nl\/wp-json\/wp\/v2\/pages\/6327\/revisions\/6345"}],"wp:attachment":[{"href":"https:\/\/www.glog.fr\/nl\/wp-json\/wp\/v2\/media?parent=6327"}],"curies":[{"name":"wp","href":"https:\/\/api.w.org\/{rel}","templated":true}]}}