{"id":6334,"date":"2025-07-17T15:35:30","date_gmt":"2025-07-17T13:35:30","guid":{"rendered":"https:\/\/clients.linuit-web.fr\/glog\/?page_id=6334"},"modified":"2025-07-18T09:51:46","modified_gmt":"2025-07-18T07:51:46","slug":"informativa-sulla-privacy-2","status":"publish","type":"page","link":"https:\/\/www.glog.fr\/it\/politique-de-confidentialite-2\/","title":{"rendered":"Informativa sulla privacy"},"content":{"rendered":"<div data-elementor-type=\"wp-page\" data-elementor-id=\"6334\" class=\"elementor elementor-6334\">\n\t\t\t\t<div class=\"elementor-element elementor-element-32fb2fe e-con-full e-flex e-con e-parent\" data-id=\"32fb2fe\" data-element_type=\"container\" data-settings=\"{&quot;background_background&quot;:&quot;classic&quot;}\">\n\t\t\t\t<div class=\"elementor-element elementor-element-0adedd6 elementor-widget elementor-widget-freightexpress_core_section_title\" data-id=\"0adedd6\" data-element_type=\"widget\" data-widget_type=\"freightexpress_core_section_title.default\">\n\t\t\t\t<div class=\"elementor-widget-container\">\n\t\t\t\t\t<div class=\"qodef-shortcode qodef-m header_home_title qodef-section-title qodef-alignment--left\">\n    \t\t<h1 class=\"qodef-m-title\" style=\"color: #FFFFFF\">\n\t\t\tInformativa sulla privacy \t<\/h1>\n\t    <\/div>\n\t\t\t\t<\/div>\n\t\t\t\t<\/div>\n\t\t\t\t<\/div>\n\t\t<div class=\"elementor-element elementor-element-c183f5b e-flex e-con-boxed e-con e-parent\" data-id=\"c183f5b\" data-element_type=\"container\">\n\t\t\t\t\t<div class=\"e-con-inner\">\n\t\t\t\t<div class=\"elementor-element elementor-element-df92863 elementor-widget__width-inherit elementor-widget elementor-widget-text-editor\" data-id=\"df92863\" data-element_type=\"widget\" data-widget_type=\"text-editor.default\">\n\t\t\t\t<div class=\"elementor-widget-container\">\n\t\t\t\t\t\t\t\t\t<h2><span data-contrast=\"auto\">Gestione dei cookie<\/span><span data-ccp-props=\"{}\">\u00a0<\/span><\/h2><p><span data-contrast=\"auto\">Che cos'\u00e8 un biscotto?<\/span><span data-ccp-props=\"{}\">\u00a0<\/span><\/p><p><span data-contrast=\"auto\">Un cookie \u00e8 un piccolo file di testo collocato sul vostro terminale (computer, smartphone, Mensola, ecc.) quando visitate un sito web. I cookie sono ampiamente utilizzati per far funzionare i siti web, migliorarne le prestazioni o fornire informazioni ai proprietari del sito.<\/span><span data-ccp-props=\"{}\">\u00a0<\/span><\/p><h2><span data-contrast=\"auto\">Perch\u00e9 utilizziamo i cookie?<\/span><span data-ccp-props=\"{}\">\u00a0<\/span><\/h2><p><span data-contrast=\"auto\">Il sito web <\/span><a href=\"http:\/\/www.glog.fr\/it\/\"><span data-contrast=\"none\">www.glog.fr<\/span><\/a><span data-contrast=\"auto\"> utilizza i cookie per :<\/span><span data-ccp-props=\"{}\">\u00a0<\/span><\/p><p><span data-contrast=\"auto\">Garantire il buon funzionamento del sito<\/span><span data-ccp-props=\"{}\">\u00a0<\/span><\/p><p><span data-contrast=\"auto\">Misurazione del pubblico e delle prestazioni del sito (statistiche sui visitatori)<\/span><span data-ccp-props=\"{}\">\u00a0<\/span><\/p><p><span data-contrast=\"auto\">Migliorare l'esperienza dell'utente<\/span><span data-ccp-props=\"{}\">\u00a0<\/span><\/p><h2><span data-contrast=\"auto\">Tipi di cookie utilizzati<\/span><span data-ccp-props=\"{}\">\u00a0<\/span><\/h2><ol><li><span data-contrast=\"auto\">Cookie strettamente necessari<\/span>\u00a0<br \/><span data-contrast=\"auto\"> Questi cookie sono essenziali per il corretto funzionamento del sito. Ad esempio, vengono utilizzati per garantire la sicurezza e l'accessibilit\u00e0 del sito.<\/span><span data-ccp-props=\"{}\">\u00a0<\/span><\/li><li><span data-contrast=\"auto\">Cookie di misurazione dell'audience<\/span>\u00a0<br \/><span data-contrast=\"auto\"> Questi cookie ci consentono di raccogliere informazioni sull'utilizzo e la frequenza delle visite al sito per migliorarne il contenuto e l'ergonomia tramite Piano Analytics.<\/span><span data-ccp-props=\"{}\">\u00a0<\/span><\/li><li><span data-contrast=\"auto\">Cookie di personalizzazione <\/span>\u00a0<br \/><span data-contrast=\"auto\"> Questi cookie vengono utilizzati per personalizzare alcuni contenuti in base alle abitudini di navigazione dell'utente.<\/span><span data-ccp-props=\"{}\">\u00a0<\/span><\/li><\/ol><h2><span data-contrast=\"auto\">Gestione dei cookie<\/span><span data-ccp-props=\"{}\">\u00a0<\/span><\/h2><p><span data-contrast=\"auto\">Quando si visita il sito per la prima volta, un banner informa l'utente dell'utilizzo dei cookie e consente di impostare le proprie preferenze.<\/span>\u00a0<br \/><span data-contrast=\"auto\"> \u00c8 possibile modificare in qualsiasi momento le scelte relative ai cookie utilizzando il gestore delle preferenze del sito.<\/span><span data-ccp-props=\"{}\">\u00a0<\/span><\/p><p><span data-contrast=\"auto\">\u00c8 inoltre possibile configurare il browser in modo da rifiutare tutti o alcuni cookie. Per saperne di pi\u00f9, cliccate qui:<\/span><span data-ccp-props=\"{}\">\u00a0<\/span><\/p><ul><li><span data-contrast=\"auto\">CNIL: Cookie, gli strumenti per controllarli<\/span><span data-ccp-props=\"{}\">\u00a0<\/span><\/li><\/ul><h2><span data-contrast=\"auto\">Periodo di conservazione dei cookie<\/span><span data-ccp-props=\"{}\">\u00a0<\/span><\/h2><p><span data-contrast=\"auto\">I cookie vengono conservati per un massimo di 13 mesi dal momento in cui vengono inseriti nel vostro terminale.<\/span><span data-ccp-props=\"{}\">\u00a0<\/span><\/p><p><span data-ccp-props=\"{}\">\u00a0<\/span><\/p><h2><span data-contrast=\"auto\">Informativa sulla privacy<\/span><span data-ccp-props=\"{}\">\u00a0<\/span><\/h2><h3><span data-contrast=\"auto\">Titolare del trattamento dei dati<\/span><span data-ccp-props=\"{}\">\u00a0<\/span><\/h3><p><span data-contrast=\"auto\">Il responsabile del trattamento dei dati personali raccolti sul sito \u00e8 :<\/span>\u00a0<br \/><span data-contrast=\"auto\"> Glog<\/span>\u00a0<br \/><span data-contrast=\"auto\"> Rue Didier Daurat - ZAC Airlande - 35136 Saint-Jacques-de-la-Lande<\/span>\u00a0<br \/><span data-contrast=\"auto\"> Contatto e-mail : <\/span><a href=\"mailto:contact@glog.fr\"><span data-contrast=\"none\">contact@glog.fr<\/span><\/a><span data-contrast=\"auto\"> (da confermare)<\/span><span data-ccp-props=\"{}\">\u00a0<\/span><\/p><h3><span data-contrast=\"auto\">Dati raccolti<\/span><span data-ccp-props=\"{}\">\u00a0<\/span><\/h3><p><span data-contrast=\"auto\">Raccogliamo ed elaboriamo dati personali nell'ambito delle nostre transazioni BtoB:<\/span><span data-ccp-props=\"{}\">\u00a0<\/span><\/p><ul><li><span data-contrast=\"auto\">Modulo di contatto (cognome, nome, azienda, indirizzo e-mail, telefono)<\/span><span data-ccp-props=\"{}\">\u00a0<\/span><\/li><li><span data-contrast=\"auto\">Dati di navigazione (indirizzo IP, cookie, statistiche sul pubblico)<\/span><span data-ccp-props=\"{}\">\u00a0<\/span><\/li><\/ul><h3><span data-contrast=\"auto\">Finalit\u00e0 del trattamento<\/span><span data-ccp-props=\"{}\">\u00a0<\/span><\/h3><p><span data-contrast=\"auto\">I dati raccolti sono trattati per le seguenti finalit\u00e0:<\/span><span data-ccp-props=\"{}\">\u00a0<\/span><\/p><ul><li><span data-contrast=\"auto\">Gestione delle richieste di contatto e di informazioni<\/span><span data-ccp-props=\"{}\">\u00a0<\/span><\/li><li><span data-contrast=\"auto\">Gestione delle relazioni commerciali<\/span><span data-ccp-props=\"{}\">\u00a0<\/span><\/li><li><span data-contrast=\"auto\">Migliorare i nostri servizi<\/span><span data-ccp-props=\"{}\">\u00a0<\/span><\/li><li><span data-contrast=\"auto\">Analisi statistica del traffico del sito web<\/span><span data-ccp-props=\"{}\">\u00a0<\/span><\/li><\/ul><h3><span data-contrast=\"auto\">Base giuridica<\/span><span data-ccp-props=\"{}\">\u00a0<\/span><\/h3><p><span data-contrast=\"auto\">L'elaborazione dei dati si basa su :<\/span><span data-ccp-props=\"{}\">\u00a0<\/span><\/p><ul><li><span data-contrast=\"auto\">Il nostro legittimo interesse a rispondere alle richieste e a migliorare i nostri servizi<\/span><span data-ccp-props=\"{}\">\u00a0<\/span><\/li><li><span data-contrast=\"auto\">Consenso preventivo per i cookie soggetti a consenso<\/span><span data-ccp-props=\"{}\">\u00a0<\/span><\/li><\/ul><h3><span data-contrast=\"auto\">Condivisione dei dati<\/span><span data-ccp-props=\"{}\">\u00a0<\/span><\/h3><p><span data-contrast=\"auto\">I dati vengono comunicati solo al personale autorizzato di Glog e ai suoi fornitori di servizi tecnici (web host, web developer), al solo scopo di gestire il sito.<\/span><span data-ccp-props=\"{}\">\u00a0<\/span><\/p><p><span data-contrast=\"auto\">In nessun caso i dati saranno venduti a terzi.<\/span><span data-ccp-props=\"{}\">\u00a0<\/span><\/p><h3><span data-contrast=\"auto\">Durata di conservazione<\/span><span data-ccp-props=\"{}\">\u00a0<\/span><\/h3><p><span data-contrast=\"auto\">I dati personali sono conservati per un periodo strettamente necessario alle finalit\u00e0 del trattamento:<\/span><span data-ccp-props=\"{}\">\u00a0<\/span><\/p><ul><li><span data-contrast=\"auto\">Dati di contatto: 3 anni dopo l'ultimo contatto<\/span><span data-ccp-props=\"{}\">\u00a0<\/span><\/li><li><span data-contrast=\"auto\">Dati di navigazione (cookie): massimo 13 mesi<\/span><span data-ccp-props=\"{}\">\u00a0<\/span><\/li><\/ul><h3><span data-contrast=\"auto\">Sicurezza<\/span><span data-ccp-props=\"{}\">\u00a0<\/span><\/h3><p><span data-contrast=\"auto\">Glog implementa tutte le misure tecniche e organizzative appropriate per proteggere i dati personali dalla perdita, dall'accesso non autorizzato o dalla divulgazione.<\/span><span data-ccp-props=\"{}\">\u00a0<\/span><\/p><h3><span data-contrast=\"auto\">I vostri diritti<\/span><span data-ccp-props=\"{}\">\u00a0<\/span><\/h3><p><span data-contrast=\"auto\">Ai sensi della normativa vigente (RGPD), avete i seguenti diritti:<\/span><span data-ccp-props=\"{}\">\u00a0<\/span><\/p><ul><li><span data-contrast=\"auto\">Diritto di accesso ai propri dati<\/span><span data-ccp-props=\"{}\">\u00a0<\/span><\/li><li><span data-contrast=\"auto\">Diritto di rettifica<\/span><span data-ccp-props=\"{}\">\u00a0<\/span><\/li><li><span data-contrast=\"auto\">Diritto alla cancellazione<\/span><span data-ccp-props=\"{}\">\u00a0<\/span><\/li><li><span data-contrast=\"auto\">Diritto di limitare il trattamento<\/span><span data-ccp-props=\"{}\">\u00a0<\/span><\/li><li><span data-contrast=\"auto\">Diritto di opposizione<\/span><span data-ccp-props=\"{}\">\u00a0<\/span><\/li><li><span data-contrast=\"auto\">Diritto alla portabilit\u00e0<\/span><span data-ccp-props=\"{}\">\u00a0<\/span><\/li><\/ul><p><span data-contrast=\"auto\">\u00c8 possibile esercitare tali diritti contattandoci al seguente indirizzo <\/span><a href=\"mailto:contact@gpggranit.com\"><span data-contrast=\"none\">contact@gpggranit.com<\/span><\/a>\u00a0<br \/><span data-contrast=\"auto\"> In caso di problemi, \u00e8 possibile contattare la CNIL (<\/span><a href=\"https:\/\/www.cnil.fr\/\"><span data-contrast=\"none\">www.cnil.fr<\/span><\/a><span data-contrast=\"auto\">).<\/span><span data-ccp-props=\"{}\">\u00a0<\/span><\/p>\t\t\t\t\t\t\t\t<\/div>\n\t\t\t\t<\/div>\n\t\t\t\t\t<\/div>\n\t\t\t\t<\/div>\n\t\t\t\t<\/div>","protected":false},"excerpt":{"rendered":"<p>Politique de Confidentialit\u00e9 Gestion des cookies\u00a0 Qu\u2019est-ce qu\u2019un cookie ?\u00a0 Un cookie est un petit fichier texte d\u00e9pos\u00e9 sur votre terminal (ordinateur, smartphone, tablette\u2026) lors de la visite d\u2019un site internet. Les cookies sont largement utilis\u00e9s pour faire fonctionner les sites, am\u00e9liorer leur performance ou fournir des informations aux propri\u00e9taires du site.\u00a0 Pourquoi utilisons-nous des [&hellip;]<\/p>\n","protected":false},"author":1,"featured_media":0,"parent":0,"menu_order":-140,"comment_status":"closed","ping_status":"closed","template":"page-full-width.php","meta":{"footnotes":""},"class_list":["post-6334","page","type-page","status-publish","hentry"],"_links":{"self":[{"href":"https:\/\/www.glog.fr\/it\/wp-json\/wp\/v2\/pages\/6334","targetHints":{"allow":["GET"]}}],"collection":[{"href":"https:\/\/www.glog.fr\/it\/wp-json\/wp\/v2\/pages"}],"about":[{"href":"https:\/\/www.glog.fr\/it\/wp-json\/wp\/v2\/types\/page"}],"author":[{"embeddable":true,"href":"https:\/\/www.glog.fr\/it\/wp-json\/wp\/v2\/users\/1"}],"replies":[{"embeddable":true,"href":"https:\/\/www.glog.fr\/it\/wp-json\/wp\/v2\/comments?post=6334"}],"version-history":[{"count":7,"href":"https:\/\/www.glog.fr\/it\/wp-json\/wp\/v2\/pages\/6334\/revisions"}],"predecessor-version":[{"id":6348,"href":"https:\/\/www.glog.fr\/it\/wp-json\/wp\/v2\/pages\/6334\/revisions\/6348"}],"wp:attachment":[{"href":"https:\/\/www.glog.fr\/it\/wp-json\/wp\/v2\/media?parent=6334"}],"curies":[{"name":"wp","href":"https:\/\/api.w.org\/{rel}","templated":true}]}}