{"id":6327,"date":"2025-07-17T15:31:37","date_gmt":"2025-07-17T13:31:37","guid":{"rendered":"https:\/\/clients.linuit-web.fr\/glog\/?page_id=6327"},"modified":"2025-07-18T09:37:39","modified_gmt":"2025-07-18T07:37:39","slug":"informazioni-legali","status":"publish","type":"page","link":"https:\/\/www.glog.fr\/it\/mentions-legales\/","title":{"rendered":"Informazioni legali"},"content":{"rendered":"<div data-elementor-type=\"wp-page\" data-elementor-id=\"6327\" class=\"elementor elementor-6327\">\n\t\t\t\t<div class=\"elementor-element elementor-element-32fb2fe e-con-full e-flex e-con e-parent\" data-id=\"32fb2fe\" data-element_type=\"container\" data-settings=\"{&quot;background_background&quot;:&quot;classic&quot;}\">\n\t\t\t\t<div class=\"elementor-element elementor-element-0adedd6 elementor-widget elementor-widget-freightexpress_core_section_title\" data-id=\"0adedd6\" data-element_type=\"widget\" data-widget_type=\"freightexpress_core_section_title.default\">\n\t\t\t\t<div class=\"elementor-widget-container\">\n\t\t\t\t\t<div class=\"qodef-shortcode qodef-m header_home_title qodef-section-title qodef-alignment--left\">\n    \t\t<h1 class=\"qodef-m-title\" style=\"color: #FFFFFF\">\n\t\t\tInformazioni legali\t<\/h1>\n\t    <\/div>\n\t\t\t\t<\/div>\n\t\t\t\t<\/div>\n\t\t\t\t<\/div>\n\t\t<div class=\"elementor-element elementor-element-c183f5b e-flex e-con-boxed e-con e-parent\" data-id=\"c183f5b\" data-element_type=\"container\">\n\t\t\t\t\t<div class=\"e-con-inner\">\n\t\t\t\t<div class=\"elementor-element elementor-element-df92863 elementor-widget__width-inherit elementor-widget elementor-widget-text-editor\" data-id=\"df92863\" data-element_type=\"widget\" data-widget_type=\"text-editor.default\">\n\t\t\t\t<div class=\"elementor-widget-container\">\n\t\t\t\t\t\t\t\t\t<h2><span data-contrast=\"auto\">Editore del sito<\/span><span data-ccp-props=\"{}\">\u00a0<\/span><\/h2><p><span data-contrast=\"auto\">Questo sito \u00e8 pubblicato da :<\/span>\u00a0<br \/><span data-contrast=\"auto\"> Glog - di seguito denominato \u00abil Proprietario del Sito\u00bb.\u00bb<\/span>\u00a0<br \/><span data-contrast=\"auto\"> Soci\u00e9t\u00e9 par Actions Simplifi\u00e9e (SAS) con capitale di 5.000,00 euro<\/span>\u00a0<br \/><span data-contrast=\"auto\"> Iscritta al Registre du Commerce et des Soci\u00e9t\u00e9s di Rennes con il numero 878 179 274 00013.<\/span>\u00a0<br \/><span data-contrast=\"auto\"> Sede centrale: Rue Didier Daurat - ZAC Airlande - 35136 Saint-Jacques-de-la-Lande - Francia<\/span>\u00a0<br \/><span data-contrast=\"auto\"> Telefono: 02 23 20 10 10<\/span>\u00a0<br \/><span data-contrast=\"auto\"> Il Direttore editoriale del sito \u00e8 Alexis JUBERT, in qualit\u00e0 di Presidente di Glog.<\/span><span data-ccp-props=\"{}\">\u00a0<\/span><\/p><h2><span data-contrast=\"auto\">Hosting<\/span><span data-ccp-props=\"{}\">\u00a0<\/span><\/h2><p><span data-contrast=\"auto\">Il sito \u00e8 ospitato da :<\/span><span data-ccp-props=\"{}\">\u00a0<\/span><\/p><p><span data-contrast=\"auto\">\u00a0Inovacom.\u00a0\u00a0<\/span><span data-ccp-props=\"{}\">\u00a0<\/span><\/p><p><span data-contrast=\"auto\">Rungis MIN<\/span>\u00a0<br \/><span data-contrast=\"auto\">Edificio G5B<\/span>\u00a0<br \/><span data-contrast=\"auto\">5 Rue de la Corderie<\/span>\u00a0<br \/><span data-contrast=\"auto\">94550 Chevilly-Larue, \u00cele-de-France<\/span><span data-ccp-props=\"{}\">\u00a0<\/span><\/p><p><span data-contrast=\"auto\">Numero di telefono dell'assistenza tecnica: 01 84 20 13 00<\/span>\u00a0<br \/><span data-contrast=\"auto\">Ufficio vendite telefoniche: 01 84 20 13 02<\/span>\u00a0<br \/><span data-contrast=\"auto\">E-mail : <\/span><a href=\"mailto:contact@inovacom.fr\"><span data-contrast=\"none\">contact@inovacom.fr<\/span><\/a><span data-ccp-props=\"{}\">\u00a0<\/span><\/p><p><span data-ccp-props=\"{}\">\u00a0<\/span><\/p><h2><span data-contrast=\"auto\">Creazione e manutenzione\u00a0<\/span><span data-ccp-props=\"{}\">\u00a0<\/span><\/h2><p><span data-contrast=\"auto\">Agenzia l'Inuit<\/span>\u00a0<br \/><span data-contrast=\"auto\">2 Av. Albert de Mun, 44600 Saint-Nazaire<\/span>\u00a0<br \/><a href=\"http:\/\/www.linuit.com\/\"><span data-contrast=\"none\">http:\/\/www.linuit.com\/<\/span><\/a>\u00a0<br \/><span data-contrast=\"auto\">Tel : 0630131167\u00a0\u00a0<\/span><span data-ccp-props=\"{}\">\u00a0<\/span><\/p><h2><span data-contrast=\"auto\">Dati personali<\/span><span data-ccp-props=\"{}\">\u00a0<\/span><\/h2><p><span data-contrast=\"auto\">Per qualsiasi informazione sulla nostra politica di gestione dei dati personali, si prega di consultare la pagina dedicata a questo scopo.<\/span><span data-ccp-props=\"{}\">\u00a0<\/span><\/p><h2><span data-contrast=\"auto\">Biscotti<\/span><span data-ccp-props=\"{}\">\u00a0<\/span><\/h2><p><span data-contrast=\"auto\">Il sito utilizza i cookie per migliorare l'esperienza dell'utente e misurare l'audience del sito.<\/span>\u00a0<br \/><span data-contrast=\"auto\"> Per saperne di pi\u00f9 sull'uso dei cookie e per gestire le proprie preferenze, \u00e8 possibile consultare il nostro sito web <\/span><span data-contrast=\"none\">Politica di gestione dei cookie.<\/span><\/p><h2><span data-contrast=\"auto\">Collegamenti ipertestuali<\/span><span data-ccp-props=\"{}\">\u00a0<\/span><\/h2><p><span data-contrast=\"auto\">La creazione di collegamenti ipertestuali a questo sito \u00e8 soggetta alla previa autorizzazione scritta del Proprietario del sito.<\/span>\u00a0<br \/><span data-contrast=\"auto\"> Facendo clic su un collegamento ipertestuale o su un banner pubblicitario, l'utente pu\u00f2 essere reindirizzato a un sito esterno. Il Titolare del Sito non pu\u00f2 essere ritenuto responsabile del contenuto di questi siti o della loro politica di gestione dei dati personali.<\/span>\u00a0<br \/><span data-contrast=\"auto\"> Inoltre, questo sito potrebbe essere stato collegato ad altri siti senza che il Proprietario del sito ne sia a conoscenza. Il Proprietario del Sito declina ogni responsabilit\u00e0 per le informazioni presentate in questi altri siti.<\/span><span data-ccp-props=\"{}\">\u00a0<\/span><\/p><h2><span data-contrast=\"auto\">Responsabilit\u00e0<\/span><span data-ccp-props=\"{}\">\u00a0<\/span><\/h2><p><span data-contrast=\"auto\">Il Proprietario del sito si adopera per garantire che le informazioni pubblicate su questo sito siano accurate e aggiornate. Tuttavia, non pu\u00f2 essere ritenuto responsabile di eventuali errori o omissioni.<\/span>\u00a0<br \/><span data-contrast=\"auto\"> Il Proprietario del sito non potr\u00e0 essere ritenuto responsabile per qualsiasi danno diretto o indiretto derivante dall'accesso o dall'utilizzo del sito, compresi l'inaccessibilit\u00e0, la perdita di dati, i danni o i virus che possono colpire l'attrezzatura informatica dell'utente.<\/span><span data-ccp-props=\"{}\">\u00a0<\/span><\/p><h2><span data-contrast=\"auto\">Propriet\u00e0 intellettuale<\/span><span data-ccp-props=\"{}\">\u00a0<\/span><\/h2><p><span data-contrast=\"auto\">Tutti gli elementi presenti sul sito <\/span><a href=\"http:\/\/www.glog.fr\/it\/\"><span data-contrast=\"none\">www.glog.fr<\/span><\/a><span data-contrast=\"auto\"> \u00e8 di propriet\u00e0 esclusiva di Glog.<\/span>\u00a0<br \/><span data-contrast=\"auto\"> \u00c8 severamente vietata la riproduzione, la rappresentazione, la modifica o la distribuzione di questi elementi senza la previa autorizzazione scritta del Proprietario del Sito.<\/span>\u00a0<br \/><span data-contrast=\"auto\"> I marchi e i loghi che compaiono su questo sito sono protetti. \u00c8 vietata la riproduzione, totale o parziale, senza l'autorizzazione scritta del Proprietario del sito o del terzo titolare dei diritti.<\/span>\u00a0<br \/><span data-contrast=\"auto\">Le immagini e le fotografie sono di propriet\u00e0 del Proprietario del Sito o sono utilizzate con l'autorizzazione dei titolari dei diritti in questione. Il loro utilizzo da parte di terzi \u00e8 vietato senza espressa autorizzazione.<\/span><span data-ccp-props=\"{}\"> Credito fotografico : <a href=\"https:\/\/oxanaphotography.fr\/\">Oxana Fotografia <\/a><\/span><\/p><h2><span data-contrast=\"auto\">Contenuti o comportamenti illegali<\/span><span data-ccp-props=\"{}\">\u00a0<\/span><\/h2><p><span data-contrast=\"auto\">\u00c8 possibile segnalare qualsiasi contenuto o comportamento illegale riscontrato su questo sito inviando un'e-mail a <\/span><span data-contrast=\"auto\">Al seguente indirizzo\u00a0<\/span><a href=\"mailto:contact@glog.fr\"><span data-contrast=\"none\">contact@gpggranit.com<\/span><\/a><span data-ccp-props=\"{}\">\u00a0<\/span><\/p><h2><span data-contrast=\"auto\">Legge applicabile<\/span><span data-ccp-props=\"{}\">\u00a0<\/span><\/h2><p><span data-contrast=\"auto\">Il presente avviso legale \u00e8 disciplinato dal diritto francese. Qualsiasi controversia relativa all'utilizzo del sito sar\u00e0 di competenza esclusiva dei tribunali francesi.<\/span><span data-ccp-props=\"{}\">\u00a0<\/span><\/p><h2><span data-contrast=\"auto\">Cambiamenti<\/span><span data-ccp-props=\"{}\">\u00a0<\/span><\/h2><p><span data-contrast=\"auto\">Il Proprietario del Sito si riserva il diritto di modificare o aggiornare la presente nota legale in qualsiasi momento e senza preavviso agli utenti.<\/span><span data-ccp-props=\"{}\">\u00a0<\/span><\/p>\t\t\t\t\t\t\t\t<\/div>\n\t\t\t\t<\/div>\n\t\t\t\t\t<\/div>\n\t\t\t\t<\/div>\n\t\t\t\t<\/div>","protected":false},"excerpt":{"rendered":"<p>Mentions l\u00e9gales \u00c9diteur du site\u00a0 Le pr\u00e9sent site est \u00e9dit\u00e9 par :\u00a0 Glog \u2013 ci-apr\u00e8s d\u00e9nomm\u00e9 \u00ab Le Propri\u00e9taire du Site \u00bb\u00a0 Soci\u00e9t\u00e9 par Actions Simplifi\u00e9e (SAS) au capital de 5 000,00 euros\u00a0 Immatricul\u00e9e au Registre du Commerce et des Soci\u00e9t\u00e9s de Rennes sous le num\u00e9ro 878 179 274 00013\u00a0 Si\u00e8ge social : Rue Didier [&hellip;]<\/p>\n","protected":false},"author":1,"featured_media":0,"parent":0,"menu_order":-150,"comment_status":"closed","ping_status":"closed","template":"page-full-width.php","meta":{"footnotes":""},"class_list":["post-6327","page","type-page","status-publish","hentry"],"_links":{"self":[{"href":"https:\/\/www.glog.fr\/it\/wp-json\/wp\/v2\/pages\/6327","targetHints":{"allow":["GET"]}}],"collection":[{"href":"https:\/\/www.glog.fr\/it\/wp-json\/wp\/v2\/pages"}],"about":[{"href":"https:\/\/www.glog.fr\/it\/wp-json\/wp\/v2\/types\/page"}],"author":[{"embeddable":true,"href":"https:\/\/www.glog.fr\/it\/wp-json\/wp\/v2\/users\/1"}],"replies":[{"embeddable":true,"href":"https:\/\/www.glog.fr\/it\/wp-json\/wp\/v2\/comments?post=6327"}],"version-history":[{"count":10,"href":"https:\/\/www.glog.fr\/it\/wp-json\/wp\/v2\/pages\/6327\/revisions"}],"predecessor-version":[{"id":6345,"href":"https:\/\/www.glog.fr\/it\/wp-json\/wp\/v2\/pages\/6327\/revisions\/6345"}],"wp:attachment":[{"href":"https:\/\/www.glog.fr\/it\/wp-json\/wp\/v2\/media?parent=6327"}],"curies":[{"name":"wp","href":"https:\/\/api.w.org\/{rel}","templated":true}]}}