{"id":6334,"date":"2025-07-17T15:35:30","date_gmt":"2025-07-17T13:35:30","guid":{"rendered":"https:\/\/clients.linuit-web.fr\/glog\/?page_id=6334"},"modified":"2025-07-18T09:51:46","modified_gmt":"2025-07-18T07:51:46","slug":"politica-de-privacidad-2","status":"publish","type":"page","link":"https:\/\/www.glog.fr\/es\/politique-de-confidentialite-2\/","title":{"rendered":"Pol\u00edtica de privacidad"},"content":{"rendered":"<div data-elementor-type=\"wp-page\" data-elementor-id=\"6334\" class=\"elementor elementor-6334\">\n\t\t\t\t<div class=\"elementor-element elementor-element-32fb2fe e-con-full e-flex e-con e-parent\" data-id=\"32fb2fe\" data-element_type=\"container\" data-settings=\"{&quot;background_background&quot;:&quot;classic&quot;}\">\n\t\t\t\t<div class=\"elementor-element elementor-element-0adedd6 elementor-widget elementor-widget-freightexpress_core_section_title\" data-id=\"0adedd6\" data-element_type=\"widget\" data-widget_type=\"freightexpress_core_section_title.default\">\n\t\t\t\t<div class=\"elementor-widget-container\">\n\t\t\t\t\t<div class=\"qodef-shortcode qodef-m header_home_title qodef-section-title qodef-alignment--left\">\n    \t\t<h1 class=\"qodef-m-title\" style=\"color: #FFFFFF\">\n\t\t\tPol\u00edtica de privacidad \t<\/h1>\n\t    <\/div>\n\t\t\t\t<\/div>\n\t\t\t\t<\/div>\n\t\t\t\t<\/div>\n\t\t<div class=\"elementor-element elementor-element-c183f5b e-flex e-con-boxed e-con e-parent\" data-id=\"c183f5b\" data-element_type=\"container\">\n\t\t\t\t\t<div class=\"e-con-inner\">\n\t\t\t\t<div class=\"elementor-element elementor-element-df92863 elementor-widget__width-inherit elementor-widget elementor-widget-text-editor\" data-id=\"df92863\" data-element_type=\"widget\" data-widget_type=\"text-editor.default\">\n\t\t\t\t<div class=\"elementor-widget-container\">\n\t\t\t\t\t\t\t\t\t<h2><span data-contrast=\"auto\">Gesti\u00f3n de cookies<\/span><span data-ccp-props=\"{}\">\u00a0<\/span><\/h2><p><span data-contrast=\"auto\">\u00bfQu\u00e9 es una galleta?<\/span><span data-ccp-props=\"{}\">\u00a0<\/span><\/p><p><span data-contrast=\"auto\">Una cookie es un peque\u00f1o archivo de texto que se coloca en su terminal (ordenador, smartphone, Repisa, etc.) cuando visita un sitio web. Las cookies se utilizan ampliamente para hacer que los sitios web funcionen, mejorar su rendimiento o proporcionar informaci\u00f3n a los propietarios del sitio web.<\/span><span data-ccp-props=\"{}\">\u00a0<\/span><\/p><h2><span data-contrast=\"auto\">\u00bfPor qu\u00e9 utilizamos cookies?<\/span><span data-ccp-props=\"{}\">\u00a0<\/span><\/h2><p><span data-contrast=\"auto\">El sitio web <\/span><a href=\"http:\/\/www.glog.fr\/es\/\"><span data-contrast=\"none\">www.glog.fr<\/span><\/a><span data-contrast=\"auto\"> utiliza cookies para :<\/span><span data-ccp-props=\"{}\">\u00a0<\/span><\/p><p><span data-contrast=\"auto\">Garantizar el buen funcionamiento del sitio<\/span><span data-ccp-props=\"{}\">\u00a0<\/span><\/p><p><span data-contrast=\"auto\">Medici\u00f3n de la audiencia y el rendimiento del sitio (estad\u00edsticas de visitas)<\/span><span data-ccp-props=\"{}\">\u00a0<\/span><\/p><p><span data-contrast=\"auto\">Mejorar la experiencia del usuario<\/span><span data-ccp-props=\"{}\">\u00a0<\/span><\/p><h2><span data-contrast=\"auto\">Tipos de cookies utilizadas<\/span><span data-ccp-props=\"{}\">\u00a0<\/span><\/h2><ol><li><span data-contrast=\"auto\">Cookies estrictamente necesarias<\/span>\u00a0<br \/><span data-contrast=\"auto\"> Estas cookies son esenciales para que el sitio funcione correctamente. Por ejemplo, se utilizan para garantizar la seguridad y la accesibilidad del sitio.<\/span><span data-ccp-props=\"{}\">\u00a0<\/span><\/li><li><span data-contrast=\"auto\">Cookies de medici\u00f3n de audiencia<\/span>\u00a0<br \/><span data-contrast=\"auto\"> Estas cookies nos permiten recopilar informaci\u00f3n sobre el uso y la frecuencia de las visitas al sitio con el fin de mejorar su contenido y ergonom\u00eda a trav\u00e9s de Piano Analytics.<\/span><span data-ccp-props=\"{}\">\u00a0<\/span><\/li><li><span data-contrast=\"auto\">Cookies de personalizaci\u00f3n <\/span>\u00a0<br \/><span data-contrast=\"auto\"> Estas cookies se utilizan para personalizar determinados contenidos en funci\u00f3n de sus h\u00e1bitos de navegaci\u00f3n.<\/span><span data-ccp-props=\"{}\">\u00a0<\/span><\/li><\/ol><h2><span data-contrast=\"auto\">Gesti\u00f3n de cookies<\/span><span data-ccp-props=\"{}\">\u00a0<\/span><\/h2><p><span data-contrast=\"auto\">Cuando visita el sitio por primera vez, un banner le informa de que se utilizan cookies y le permite configurar sus preferencias.<\/span>\u00a0<br \/><span data-contrast=\"auto\"> Usted puede cambiar sus opciones con respecto a las cookies en cualquier momento utilizando el gestor de preferencias del sitio.<\/span><span data-ccp-props=\"{}\">\u00a0<\/span><\/p><p><span data-contrast=\"auto\">Tambi\u00e9n puede configurar su navegador para rechazar todas o algunas cookies. Para obtener m\u00e1s informaci\u00f3n, haga clic aqu\u00ed:<\/span><span data-ccp-props=\"{}\">\u00a0<\/span><\/p><ul><li><span data-contrast=\"auto\">CNIL: Cookies, las herramientas para controlarlas<\/span><span data-ccp-props=\"{}\">\u00a0<\/span><\/li><\/ul><h2><span data-contrast=\"auto\">Per\u00edodo de conservaci\u00f3n de cookies<\/span><span data-ccp-props=\"{}\">\u00a0<\/span><\/h2><p><span data-contrast=\"auto\">Las cookies se conservan durante un m\u00e1ximo de 13 meses desde el momento en que se colocan en su terminal.<\/span><span data-ccp-props=\"{}\">\u00a0<\/span><\/p><p><span data-ccp-props=\"{}\">\u00a0<\/span><\/p><h2><span data-contrast=\"auto\">Pol\u00edtica de privacidad<\/span><span data-ccp-props=\"{}\">\u00a0<\/span><\/h2><h3><span data-contrast=\"auto\">Controlador de datos<\/span><span data-ccp-props=\"{}\">\u00a0<\/span><\/h3><p><span data-contrast=\"auto\">El responsable del tratamiento de los datos personales recogidos en el sitio web es :<\/span>\u00a0<br \/><span data-contrast=\"auto\"> Glog<\/span>\u00a0<br \/><span data-contrast=\"auto\"> Rue Didier Daurat - ZAC Airlande - 35136 Saint-Jacques-de-la-Lande<\/span>\u00a0<br \/><span data-contrast=\"auto\"> Correo electr\u00f3nico de contacto : <\/span><a href=\"mailto:contact@glog.fr\"><span data-contrast=\"none\">contact@glog.fr<\/span><\/a><span data-contrast=\"auto\"> (pendiente de confirmaci\u00f3n)<\/span><span data-ccp-props=\"{}\">\u00a0<\/span><\/p><h3><span data-contrast=\"auto\">Datos recogidos<\/span><span data-ccp-props=\"{}\">\u00a0<\/span><\/h3><p><span data-contrast=\"auto\">Recogemos y procesamos datos personales como parte de nuestras transacciones B2B:<\/span><span data-ccp-props=\"{}\">\u00a0<\/span><\/p><ul><li><span data-contrast=\"auto\">Formulario de contacto (apellidos, nombre, empresa, direcci\u00f3n de correo electr\u00f3nico, tel\u00e9fono)<\/span><span data-ccp-props=\"{}\">\u00a0<\/span><\/li><li><span data-contrast=\"auto\">Datos de navegaci\u00f3n (direcci\u00f3n IP, cookies, estad\u00edsticas de audiencia)<\/span><span data-ccp-props=\"{}\">\u00a0<\/span><\/li><\/ul><h3><span data-contrast=\"auto\">Finalidad del tratamiento<\/span><span data-ccp-props=\"{}\">\u00a0<\/span><\/h3><p><span data-contrast=\"auto\">Los datos recogidos se procesan para los siguientes fines:<\/span><span data-ccp-props=\"{}\">\u00a0<\/span><\/p><ul><li><span data-contrast=\"auto\">Gesti\u00f3n de las solicitudes de contacto e informaci\u00f3n<\/span><span data-ccp-props=\"{}\">\u00a0<\/span><\/li><li><span data-contrast=\"auto\">Gesti\u00f3n de las relaciones comerciales<\/span><span data-ccp-props=\"{}\">\u00a0<\/span><\/li><li><span data-contrast=\"auto\">Mejorar nuestros servicios<\/span><span data-ccp-props=\"{}\">\u00a0<\/span><\/li><li><span data-contrast=\"auto\">An\u00e1lisis estad\u00edstico del tr\u00e1fico del sitio web<\/span><span data-ccp-props=\"{}\">\u00a0<\/span><\/li><\/ul><h3><span data-contrast=\"auto\">Base jur\u00eddica<\/span><span data-ccp-props=\"{}\">\u00a0<\/span><\/h3><p><span data-contrast=\"auto\">El tratamiento de datos se basa en :<\/span><span data-ccp-props=\"{}\">\u00a0<\/span><\/p><ul><li><span data-contrast=\"auto\">Nuestro inter\u00e9s leg\u00edtimo en responder a las solicitudes y mejorar nuestros servicios<\/span><span data-ccp-props=\"{}\">\u00a0<\/span><\/li><li><span data-contrast=\"auto\">Consentimiento previo para cookies sujetas a consentimiento<\/span><span data-ccp-props=\"{}\">\u00a0<\/span><\/li><\/ul><h3><span data-contrast=\"auto\">Intercambio de datos<\/span><span data-ccp-props=\"{}\">\u00a0<\/span><\/h3><p><span data-contrast=\"auto\">Los datos s\u00f3lo se comunican al personal autorizado de Glog y a sus proveedores de servicios t\u00e9cnicos (alojamiento web, desarrollador web), con el \u00fanico fin de gestionar el sitio.<\/span><span data-ccp-props=\"{}\">\u00a0<\/span><\/p><p><span data-contrast=\"auto\">En ning\u00fan caso se vender\u00e1n datos a terceros.<\/span><span data-ccp-props=\"{}\">\u00a0<\/span><\/p><h3><span data-contrast=\"auto\">Caducidad<\/span><span data-ccp-props=\"{}\">\u00a0<\/span><\/h3><p><span data-contrast=\"auto\">Los datos personales se conservan durante el periodo estrictamente necesario para los fines del tratamiento:<\/span><span data-ccp-props=\"{}\">\u00a0<\/span><\/p><ul><li><span data-contrast=\"auto\">Datos de contacto: 3 a\u00f1os despu\u00e9s del \u00faltimo contacto<\/span><span data-ccp-props=\"{}\">\u00a0<\/span><\/li><li><span data-contrast=\"auto\">Datos de navegaci\u00f3n (cookies): 13 meses como m\u00e1ximo<\/span><span data-ccp-props=\"{}\">\u00a0<\/span><\/li><\/ul><h3><span data-contrast=\"auto\">Seguridad<\/span><span data-ccp-props=\"{}\">\u00a0<\/span><\/h3><p><span data-contrast=\"auto\">Glog aplica todas las medidas t\u00e9cnicas y organizativas apropiadas para proteger los datos personales contra la p\u00e9rdida, el acceso no autorizado o la divulgaci\u00f3n.<\/span><span data-ccp-props=\"{}\">\u00a0<\/span><\/p><h3><span data-contrast=\"auto\">Sus derechos<\/span><span data-ccp-props=\"{}\">\u00a0<\/span><\/h3><p><span data-contrast=\"auto\">De acuerdo con la legislaci\u00f3n vigente (RGPD), usted tiene los siguientes derechos:<\/span><span data-ccp-props=\"{}\">\u00a0<\/span><\/p><ul><li><span data-contrast=\"auto\">Derecho de acceso a sus datos<\/span><span data-ccp-props=\"{}\">\u00a0<\/span><\/li><li><span data-contrast=\"auto\">Derecho de rectificaci\u00f3n<\/span><span data-ccp-props=\"{}\">\u00a0<\/span><\/li><li><span data-contrast=\"auto\">Derecho de supresi\u00f3n<\/span><span data-ccp-props=\"{}\">\u00a0<\/span><\/li><li><span data-contrast=\"auto\">Derecho a restringir el tratamiento<\/span><span data-ccp-props=\"{}\">\u00a0<\/span><\/li><li><span data-contrast=\"auto\">Derecho de oposici\u00f3n<\/span><span data-ccp-props=\"{}\">\u00a0<\/span><\/li><li><span data-contrast=\"auto\">Derecho a la portabilidad<\/span><span data-ccp-props=\"{}\">\u00a0<\/span><\/li><\/ul><p><span data-contrast=\"auto\">Puede ejercer estos derechos poni\u00e9ndose en contacto con nosotros en la siguiente direcci\u00f3n <\/span><a href=\"mailto:contact@gpggranit.com\"><span data-contrast=\"none\">contact@gpggranit.com<\/span><\/a>\u00a0<br \/><span data-contrast=\"auto\"> Si tiene alg\u00fan problema, puede ponerse en contacto con la CNIL (<\/span><a href=\"https:\/\/www.cnil.fr\/\"><span data-contrast=\"none\">www.cnil.fr<\/span><\/a><span data-contrast=\"auto\">).<\/span><span data-ccp-props=\"{}\">\u00a0<\/span><\/p>\t\t\t\t\t\t\t\t<\/div>\n\t\t\t\t<\/div>\n\t\t\t\t\t<\/div>\n\t\t\t\t<\/div>\n\t\t\t\t<\/div>","protected":false},"excerpt":{"rendered":"<p>Politique de Confidentialit\u00e9 Gestion des cookies\u00a0 Qu\u2019est-ce qu\u2019un cookie ?\u00a0 Un cookie est un petit fichier texte d\u00e9pos\u00e9 sur votre terminal (ordinateur, smartphone, tablette\u2026) lors de la visite d\u2019un site internet. Les cookies sont largement utilis\u00e9s pour faire fonctionner les sites, am\u00e9liorer leur performance ou fournir des informations aux propri\u00e9taires du site.\u00a0 Pourquoi utilisons-nous des [&hellip;]<\/p>\n","protected":false},"author":1,"featured_media":0,"parent":0,"menu_order":-140,"comment_status":"closed","ping_status":"closed","template":"page-full-width.php","meta":{"footnotes":""},"class_list":["post-6334","page","type-page","status-publish","hentry"],"_links":{"self":[{"href":"https:\/\/www.glog.fr\/es\/wp-json\/wp\/v2\/pages\/6334","targetHints":{"allow":["GET"]}}],"collection":[{"href":"https:\/\/www.glog.fr\/es\/wp-json\/wp\/v2\/pages"}],"about":[{"href":"https:\/\/www.glog.fr\/es\/wp-json\/wp\/v2\/types\/page"}],"author":[{"embeddable":true,"href":"https:\/\/www.glog.fr\/es\/wp-json\/wp\/v2\/users\/1"}],"replies":[{"embeddable":true,"href":"https:\/\/www.glog.fr\/es\/wp-json\/wp\/v2\/comments?post=6334"}],"version-history":[{"count":7,"href":"https:\/\/www.glog.fr\/es\/wp-json\/wp\/v2\/pages\/6334\/revisions"}],"predecessor-version":[{"id":6348,"href":"https:\/\/www.glog.fr\/es\/wp-json\/wp\/v2\/pages\/6334\/revisions\/6348"}],"wp:attachment":[{"href":"https:\/\/www.glog.fr\/es\/wp-json\/wp\/v2\/media?parent=6334"}],"curies":[{"name":"wp","href":"https:\/\/api.w.org\/{rel}","templated":true}]}}