{"id":6327,"date":"2025-07-17T15:31:37","date_gmt":"2025-07-17T13:31:37","guid":{"rendered":"https:\/\/clients.linuit-web.fr\/glog\/?page_id=6327"},"modified":"2025-07-18T09:37:39","modified_gmt":"2025-07-18T07:37:39","slug":"informacion-legal","status":"publish","type":"page","link":"https:\/\/www.glog.fr\/es\/mentions-legales\/","title":{"rendered":"Informaci\u00f3n jur\u00eddica"},"content":{"rendered":"<div data-elementor-type=\"wp-page\" data-elementor-id=\"6327\" class=\"elementor elementor-6327\">\n\t\t\t\t<div class=\"elementor-element elementor-element-32fb2fe e-con-full e-flex e-con e-parent\" data-id=\"32fb2fe\" data-element_type=\"container\" data-settings=\"{&quot;background_background&quot;:&quot;classic&quot;}\">\n\t\t\t\t<div class=\"elementor-element elementor-element-0adedd6 elementor-widget elementor-widget-freightexpress_core_section_title\" data-id=\"0adedd6\" data-element_type=\"widget\" data-widget_type=\"freightexpress_core_section_title.default\">\n\t\t\t\t<div class=\"elementor-widget-container\">\n\t\t\t\t\t<div class=\"qodef-shortcode qodef-m header_home_title qodef-section-title qodef-alignment--left\">\n    \t\t<h1 class=\"qodef-m-title\" style=\"color: #FFFFFF\">\n\t\t\tInformaci\u00f3n jur\u00eddica\t<\/h1>\n\t    <\/div>\n\t\t\t\t<\/div>\n\t\t\t\t<\/div>\n\t\t\t\t<\/div>\n\t\t<div class=\"elementor-element elementor-element-c183f5b e-flex e-con-boxed e-con e-parent\" data-id=\"c183f5b\" data-element_type=\"container\">\n\t\t\t\t\t<div class=\"e-con-inner\">\n\t\t\t\t<div class=\"elementor-element elementor-element-df92863 elementor-widget__width-inherit elementor-widget elementor-widget-text-editor\" data-id=\"df92863\" data-element_type=\"widget\" data-widget_type=\"text-editor.default\">\n\t\t\t\t<div class=\"elementor-widget-container\">\n\t\t\t\t\t\t\t\t\t<h2><span data-contrast=\"auto\">Editor del sitio<\/span><span data-ccp-props=\"{}\">\u00a0<\/span><\/h2><p><span data-contrast=\"auto\">Este sitio web est\u00e1 publicado por :<\/span>\u00a0<br \/><span data-contrast=\"auto\"> Glog - en adelante \u00abel Propietario del Sitio\u00bb<\/span>\u00a0<br \/><span data-contrast=\"auto\"> Soci\u00e9t\u00e9 par Actions Simplifi\u00e9e (SAS) con capital de 5.000,00 euros<\/span>\u00a0<br \/><span data-contrast=\"auto\"> Inscrita en el Registre du Commerce et des Soci\u00e9t\u00e9s de Rennes con el n\u00famero 878 179 274 00013<\/span>\u00a0<br \/><span data-contrast=\"auto\"> Sede social: Rue Didier Daurat - ZAC Airlande - 35136 Saint-Jacques-de-la-Lande - Francia<\/span>\u00a0<br \/><span data-contrast=\"auto\"> Tel\u00e9fono: 02 23 20 10 10<\/span>\u00a0<br \/><span data-contrast=\"auto\"> El Director de la Publicaci\u00f3n es el Sr. Alexis JUBERT, en su calidad de Presidente de Glog.<\/span><span data-ccp-props=\"{}\">\u00a0<\/span><\/p><h2><span data-contrast=\"auto\">Alojamiento<\/span><span data-ccp-props=\"{}\">\u00a0<\/span><\/h2><p><span data-contrast=\"auto\">El sitio est\u00e1 alojado en :<\/span><span data-ccp-props=\"{}\">\u00a0<\/span><\/p><p><span data-contrast=\"auto\">\u00a0Inovacom.\u00a0\u00a0<\/span><span data-ccp-props=\"{}\">\u00a0<\/span><\/p><p><span data-contrast=\"auto\">Rungis MIN<\/span>\u00a0<br \/><span data-contrast=\"auto\">Edificio G5B<\/span>\u00a0<br \/><span data-contrast=\"auto\">5 Rue de la Corderie<\/span>\u00a0<br \/><span data-contrast=\"auto\">94550 Chevilly-Larue, \u00cele-de-France<\/span><span data-ccp-props=\"{}\">\u00a0<\/span><\/p><p><span data-contrast=\"auto\">Tel\u00e9fono de asistencia t\u00e9cnica: 01 84 20 13 00<\/span>\u00a0<br \/><span data-contrast=\"auto\">Tel\u00e9fono del departamento de ventas: 01 84 20 13 02<\/span>\u00a0<br \/><span data-contrast=\"auto\">Correo electr\u00f3nico : <\/span><a href=\"mailto:contact@inovacom.fr\"><span data-contrast=\"none\">contact@inovacom.fr<\/span><\/a><span data-ccp-props=\"{}\">\u00a0<\/span><\/p><p><span data-ccp-props=\"{}\">\u00a0<\/span><\/p><h2><span data-contrast=\"auto\">Creaci\u00f3n y mantenimiento\u00a0<\/span><span data-ccp-props=\"{}\">\u00a0<\/span><\/h2><p><span data-contrast=\"auto\">Agencia Inuit<\/span>\u00a0<br \/><span data-contrast=\"auto\">2 Av. Albert de Mun, 44600 Saint-Nazaire<\/span>\u00a0<br \/><a href=\"http:\/\/www.linuit.com\/\"><span data-contrast=\"none\">http:\/\/www.linuit.com\/<\/span><\/a>\u00a0<br \/><span data-contrast=\"auto\">Tel : 0630131167\u00a0\u00a0<\/span><span data-ccp-props=\"{}\">\u00a0<\/span><\/p><h2><span data-contrast=\"auto\">Datos personales<\/span><span data-ccp-props=\"{}\">\u00a0<\/span><\/h2><p><span data-contrast=\"auto\">Para cualquier informaci\u00f3n sobre nuestra pol\u00edtica de gesti\u00f3n de datos personales, consulte la p\u00e1gina dedicada a este fin.<\/span><span data-ccp-props=\"{}\">\u00a0<\/span><\/p><h2><span data-contrast=\"auto\">Cookies<\/span><span data-ccp-props=\"{}\">\u00a0<\/span><\/h2><p><span data-contrast=\"auto\">El sitio utiliza cookies para mejorar su experiencia de usuario y medir la audiencia del sitio.<\/span>\u00a0<br \/><span data-contrast=\"auto\"> Para obtener m\u00e1s informaci\u00f3n sobre el uso de cookies y gestionar sus preferencias, puede consultar nuestro <\/span><span data-contrast=\"none\">Pol\u00edtica de gesti\u00f3n de cookies.<\/span><\/p><h2><span data-contrast=\"auto\">Hiperenlaces<\/span><span data-ccp-props=\"{}\">\u00a0<\/span><\/h2><p><span data-contrast=\"auto\">La creaci\u00f3n de enlaces de hipertexto hacia este sitio est\u00e1 sujeta a la autorizaci\u00f3n previa por escrito del Propietario del Sitio.<\/span>\u00a0<br \/><span data-contrast=\"auto\"> Al hacer clic en un enlace de hipertexto o en un banner publicitario, el usuario puede ser redirigido a un sitio externo. El Propietario del Sitio no se hace responsable del contenido de estos sitios ni de su pol\u00edtica de gesti\u00f3n de datos personales.<\/span>\u00a0<br \/><span data-contrast=\"auto\"> Adem\u00e1s, este sitio puede haber sido enlazado a otros sitios sin el conocimiento del Propietario del Sitio. El Propietario del Sitio declina toda responsabilidad por la informaci\u00f3n presentada en estos otros sitios.<\/span><span data-ccp-props=\"{}\">\u00a0<\/span><\/p><h2><span data-contrast=\"auto\">Responsabilidad<\/span><span data-ccp-props=\"{}\">\u00a0<\/span><\/h2><p><span data-contrast=\"auto\">El Propietario del Sitio hace todo lo posible para garantizar que la informaci\u00f3n publicada en este sitio sea exacta y est\u00e9 actualizada. No obstante, no se hace responsable de posibles errores u omisiones.<\/span>\u00a0<br \/><span data-contrast=\"auto\"> El Propietario del Sitio no se hace responsable de los da\u00f1os directos o indirectos derivados del acceso o uso del sitio, incluida la inaccesibilidad, p\u00e9rdida de datos, da\u00f1os o virus que puedan afectar al equipo inform\u00e1tico del usuario.<\/span><span data-ccp-props=\"{}\">\u00a0<\/span><\/p><h2><span data-contrast=\"auto\">Propiedad intelectual<\/span><span data-ccp-props=\"{}\">\u00a0<\/span><\/h2><p><span data-contrast=\"auto\">Todos los elementos presentes en el sitio <\/span><a href=\"http:\/\/www.glog.fr\/es\/\"><span data-contrast=\"none\">www.glog.fr<\/span><\/a><span data-contrast=\"auto\"> es propiedad exclusiva de Glog.<\/span>\u00a0<br \/><span data-contrast=\"auto\"> Cualquier reproducci\u00f3n, representaci\u00f3n, modificaci\u00f3n o distribuci\u00f3n de estos elementos, sin la autorizaci\u00f3n previa por escrito del Propietario del Sitio, est\u00e1 estrictamente prohibida.<\/span>\u00a0<br \/><span data-contrast=\"auto\"> Las marcas y logotipos que aparecen en este sitio est\u00e1n protegidos. Queda prohibida toda reproducci\u00f3n, total o parcial, sin la autorizaci\u00f3n escrita del Propietario del Sitio o del tercero titular de los derechos.<\/span>\u00a0<br \/><span data-contrast=\"auto\">Las im\u00e1genes y fotograf\u00edas son propiedad del Propietario del Sitio o se utilizan con la autorizaci\u00f3n de los titulares de los derechos correspondientes. Queda prohibida su utilizaci\u00f3n por terceros sin autorizaci\u00f3n expresa.<\/span><span data-ccp-props=\"{}\"> Cr\u00e9dito de la foto : <a href=\"https:\/\/oxanaphotography.fr\/\">Oxana Fotograf\u00eda <\/a><\/span><\/p><h2><span data-contrast=\"auto\">Contenidos o comportamientos il\u00edcitos<\/span><span data-ccp-props=\"{}\">\u00a0<\/span><\/h2><p><span data-contrast=\"auto\">Puede denunciar cualquier contenido o comportamiento ilegal que encuentre en este sitio enviando un correo electr\u00f3nico a <\/span><span data-contrast=\"auto\">A la siguiente direcci\u00f3n\u00a0<\/span><a href=\"mailto:contact@glog.fr\"><span data-contrast=\"none\">contact@gpggranit.com<\/span><\/a><span data-ccp-props=\"{}\">\u00a0<\/span><\/p><h2><span data-contrast=\"auto\">Legislaci\u00f3n aplicable<\/span><span data-ccp-props=\"{}\">\u00a0<\/span><\/h2><p><span data-contrast=\"auto\">El presente aviso legal se rige por la legislaci\u00f3n francesa. Cualquier litigio relacionado con el uso del sitio se someter\u00e1 a la jurisdicci\u00f3n exclusiva de los tribunales franceses.<\/span><span data-ccp-props=\"{}\">\u00a0<\/span><\/p><h2><span data-contrast=\"auto\">Cambios<\/span><span data-ccp-props=\"{}\">\u00a0<\/span><\/h2><p><span data-contrast=\"auto\">El Propietario del Sitio se reserva el derecho de modificar o actualizar este aviso legal en cualquier momento y sin previo aviso a los usuarios.<\/span><span data-ccp-props=\"{}\">\u00a0<\/span><\/p>\t\t\t\t\t\t\t\t<\/div>\n\t\t\t\t<\/div>\n\t\t\t\t\t<\/div>\n\t\t\t\t<\/div>\n\t\t\t\t<\/div>","protected":false},"excerpt":{"rendered":"<p>Mentions l\u00e9gales \u00c9diteur du site\u00a0 Le pr\u00e9sent site est \u00e9dit\u00e9 par :\u00a0 Glog \u2013 ci-apr\u00e8s d\u00e9nomm\u00e9 \u00ab Le Propri\u00e9taire du Site \u00bb\u00a0 Soci\u00e9t\u00e9 par Actions Simplifi\u00e9e (SAS) au capital de 5 000,00 euros\u00a0 Immatricul\u00e9e au Registre du Commerce et des Soci\u00e9t\u00e9s de Rennes sous le num\u00e9ro 878 179 274 00013\u00a0 Si\u00e8ge social : Rue Didier [&hellip;]<\/p>\n","protected":false},"author":1,"featured_media":0,"parent":0,"menu_order":-150,"comment_status":"closed","ping_status":"closed","template":"page-full-width.php","meta":{"footnotes":""},"class_list":["post-6327","page","type-page","status-publish","hentry"],"_links":{"self":[{"href":"https:\/\/www.glog.fr\/es\/wp-json\/wp\/v2\/pages\/6327","targetHints":{"allow":["GET"]}}],"collection":[{"href":"https:\/\/www.glog.fr\/es\/wp-json\/wp\/v2\/pages"}],"about":[{"href":"https:\/\/www.glog.fr\/es\/wp-json\/wp\/v2\/types\/page"}],"author":[{"embeddable":true,"href":"https:\/\/www.glog.fr\/es\/wp-json\/wp\/v2\/users\/1"}],"replies":[{"embeddable":true,"href":"https:\/\/www.glog.fr\/es\/wp-json\/wp\/v2\/comments?post=6327"}],"version-history":[{"count":10,"href":"https:\/\/www.glog.fr\/es\/wp-json\/wp\/v2\/pages\/6327\/revisions"}],"predecessor-version":[{"id":6345,"href":"https:\/\/www.glog.fr\/es\/wp-json\/wp\/v2\/pages\/6327\/revisions\/6345"}],"wp:attachment":[{"href":"https:\/\/www.glog.fr\/es\/wp-json\/wp\/v2\/media?parent=6327"}],"curies":[{"name":"wp","href":"https:\/\/api.w.org\/{rel}","templated":true}]}}