{"id":6334,"date":"2025-07-17T15:35:30","date_gmt":"2025-07-17T13:35:30","guid":{"rendered":"https:\/\/clients.linuit-web.fr\/glog\/?page_id=6334"},"modified":"2025-07-18T09:51:46","modified_gmt":"2025-07-18T07:51:46","slug":"privacy-policy-2","status":"publish","type":"page","link":"https:\/\/www.glog.fr\/en\/politique-de-confidentialite-2\/","title":{"rendered":"Privacy Policy"},"content":{"rendered":"<div data-elementor-type=\"wp-page\" data-elementor-id=\"6334\" class=\"elementor elementor-6334\">\n\t\t\t\t<div class=\"elementor-element elementor-element-32fb2fe e-con-full e-flex e-con e-parent\" data-id=\"32fb2fe\" data-element_type=\"container\" data-settings=\"{&quot;background_background&quot;:&quot;classic&quot;}\">\n\t\t\t\t<div class=\"elementor-element elementor-element-0adedd6 elementor-widget elementor-widget-freightexpress_core_section_title\" data-id=\"0adedd6\" data-element_type=\"widget\" data-widget_type=\"freightexpress_core_section_title.default\">\n\t\t\t\t<div class=\"elementor-widget-container\">\n\t\t\t\t\t<div class=\"qodef-shortcode qodef-m header_home_title qodef-section-title qodef-alignment--left\">\n    \t\t<h1 class=\"qodef-m-title\" style=\"color: #FFFFFF\">\n\t\t\tPrivacy Policy \t<\/h1>\n\t    <\/div>\n\t\t\t\t<\/div>\n\t\t\t\t<\/div>\n\t\t\t\t<\/div>\n\t\t<div class=\"elementor-element elementor-element-c183f5b e-flex e-con-boxed e-con e-parent\" data-id=\"c183f5b\" data-element_type=\"container\">\n\t\t\t\t\t<div class=\"e-con-inner\">\n\t\t\t\t<div class=\"elementor-element elementor-element-df92863 elementor-widget__width-inherit elementor-widget elementor-widget-text-editor\" data-id=\"df92863\" data-element_type=\"widget\" data-widget_type=\"text-editor.default\">\n\t\t\t\t<div class=\"elementor-widget-container\">\n\t\t\t\t\t\t\t\t\t<h2><span data-contrast=\"auto\">Cookie management<\/span><span data-ccp-props=\"{}\">\u00a0<\/span><\/h2><p><span data-contrast=\"auto\">What is a cookie?<\/span><span data-ccp-props=\"{}\">\u00a0<\/span><\/p><p><span data-contrast=\"auto\">A cookie is a small text file placed on your terminal (computer, smartphone, Die\/Tablet, etc.) when you visit a website. Cookies are widely used to make websites work, improve their performance or provide information to the website owners.<\/span><span data-ccp-props=\"{}\">\u00a0<\/span><\/p><h2><span data-contrast=\"auto\">Why do we use cookies?<\/span><span data-ccp-props=\"{}\">\u00a0<\/span><\/h2><p><span data-contrast=\"auto\">The website <\/span><a href=\"http:\/\/www.glog.fr\/en\/\"><span data-contrast=\"none\">www.glog.fr<\/span><\/a><span data-contrast=\"auto\"> uses cookies to :<\/span><span data-ccp-props=\"{}\">\u00a0<\/span><\/p><p><span data-contrast=\"auto\">Ensuring the smooth running of the site<\/span><span data-ccp-props=\"{}\">\u00a0<\/span><\/p><p><span data-contrast=\"auto\">Measuring the site's audience and performance (visitor statistics)<\/span><span data-ccp-props=\"{}\">\u00a0<\/span><\/p><p><span data-contrast=\"auto\">Improving the user experience<\/span><span data-ccp-props=\"{}\">\u00a0<\/span><\/p><h2><span data-contrast=\"auto\">Types of cookies used<\/span><span data-ccp-props=\"{}\">\u00a0<\/span><\/h2><ol><li><span data-contrast=\"auto\">Strictly necessary cookies<\/span>\u00a0<br \/><span data-contrast=\"auto\"> These cookies are essential for the site to function properly. For example, they are used to guarantee the security and accessibility of the site.<\/span><span data-ccp-props=\"{}\">\u00a0<\/span><\/li><li><span data-contrast=\"auto\">Audience measurement cookies<\/span>\u00a0<br \/><span data-contrast=\"auto\"> These cookies enable us to collect information on the use and frequency of visits to the site in order to improve its content and ergonomics via Piano Analytics.<\/span><span data-ccp-props=\"{}\">\u00a0<\/span><\/li><li><span data-contrast=\"auto\">Personalisation cookies <\/span>\u00a0<br \/><span data-contrast=\"auto\"> These cookies are used to personalise certain content based on your browsing habits.<\/span><span data-ccp-props=\"{}\">\u00a0<\/span><\/li><\/ol><h2><span data-contrast=\"auto\">Cookie management<\/span><span data-ccp-props=\"{}\">\u00a0<\/span><\/h2><p><span data-contrast=\"auto\">When you first visit the site, a banner informs you that cookies are used and allows you to set your preferences.<\/span>\u00a0<br \/><span data-contrast=\"auto\"> You can change your choices regarding cookies at any time using the preferences manager on the site.<\/span><span data-ccp-props=\"{}\">\u00a0<\/span><\/p><p><span data-contrast=\"auto\">You can also configure your browser to refuse all or some cookies. To find out more, click here:<\/span><span data-ccp-props=\"{}\">\u00a0<\/span><\/p><ul><li><span data-contrast=\"auto\">CNIL: Cookies, the tools for controlling them<\/span><span data-ccp-props=\"{}\">\u00a0<\/span><\/li><\/ul><h2><span data-contrast=\"auto\">Cookie retention period<\/span><span data-ccp-props=\"{}\">\u00a0<\/span><\/h2><p><span data-contrast=\"auto\">Cookies are kept for a maximum of 13 months from the time they are placed on your terminal.<\/span><span data-ccp-props=\"{}\">\u00a0<\/span><\/p><p><span data-ccp-props=\"{}\">\u00a0<\/span><\/p><h2><span data-contrast=\"auto\">Privacy policy<\/span><span data-ccp-props=\"{}\">\u00a0<\/span><\/h2><h3><span data-contrast=\"auto\">Data controller<\/span><span data-ccp-props=\"{}\">\u00a0<\/span><\/h3><p><span data-contrast=\"auto\">The party responsible for processing the personal data collected on the site is :<\/span>\u00a0<br \/><span data-contrast=\"auto\"> Glog<\/span>\u00a0<br \/><span data-contrast=\"auto\"> Rue Didier Daurat - ZAC Airlande - 35136 Saint-Jacques-de-la-Lande<\/span>\u00a0<br \/><span data-contrast=\"auto\"> Contact email : <\/span><a href=\"mailto:contact@glog.fr\"><span data-contrast=\"none\">contact@glog.fr<\/span><\/a><span data-contrast=\"auto\"> (to be confirmed)<\/span><span data-ccp-props=\"{}\">\u00a0<\/span><\/p><h3><span data-contrast=\"auto\">Data collected<\/span><span data-ccp-props=\"{}\">\u00a0<\/span><\/h3><p><span data-contrast=\"auto\">We collect and process personal data as part of our BtoB transactions:<\/span><span data-ccp-props=\"{}\">\u00a0<\/span><\/p><ul><li><span data-contrast=\"auto\">Contact form (surname, first name, company, email address, telephone)<\/span><span data-ccp-props=\"{}\">\u00a0<\/span><\/li><li><span data-contrast=\"auto\">Browsing data (IP address, cookies, audience statistics)<\/span><span data-ccp-props=\"{}\">\u00a0<\/span><\/li><\/ul><h3><span data-contrast=\"auto\">Purposes of processing<\/span><span data-ccp-props=\"{}\">\u00a0<\/span><\/h3><p><span data-contrast=\"auto\">The data collected is processed for the following purposes:<\/span><span data-ccp-props=\"{}\">\u00a0<\/span><\/p><ul><li><span data-contrast=\"auto\">Managing contact and information requests<\/span><span data-ccp-props=\"{}\">\u00a0<\/span><\/li><li><span data-contrast=\"auto\">Commercial relationship management<\/span><span data-ccp-props=\"{}\">\u00a0<\/span><\/li><li><span data-contrast=\"auto\">Improving our services<\/span><span data-ccp-props=\"{}\">\u00a0<\/span><\/li><li><span data-contrast=\"auto\">Statistical analysis of website traffic<\/span><span data-ccp-props=\"{}\">\u00a0<\/span><\/li><\/ul><h3><span data-contrast=\"auto\">Legal basis<\/span><span data-ccp-props=\"{}\">\u00a0<\/span><\/h3><p><span data-contrast=\"auto\">Data processing is based on :<\/span><span data-ccp-props=\"{}\">\u00a0<\/span><\/p><ul><li><span data-contrast=\"auto\">Our legitimate interest in responding to requests and improving our services<\/span><span data-ccp-props=\"{}\">\u00a0<\/span><\/li><li><span data-contrast=\"auto\">Prior consent for cookies subject to consent<\/span><span data-ccp-props=\"{}\">\u00a0<\/span><\/li><\/ul><h3><span data-contrast=\"auto\">Data sharing<\/span><span data-ccp-props=\"{}\">\u00a0<\/span><\/h3><p><span data-contrast=\"auto\">Data is only communicated to authorised Glog personnel and its technical service providers (web host, web developer), for the sole purpose of managing the site.<\/span><span data-ccp-props=\"{}\">\u00a0<\/span><\/p><p><span data-contrast=\"auto\">Under no circumstances will data be sold to third parties.<\/span><span data-ccp-props=\"{}\">\u00a0<\/span><\/p><h3><span data-contrast=\"auto\">Shelf life<\/span><span data-ccp-props=\"{}\">\u00a0<\/span><\/h3><p><span data-contrast=\"auto\">Personal data is kept for a period strictly necessary for the purposes of processing:<\/span><span data-ccp-props=\"{}\">\u00a0<\/span><\/p><ul><li><span data-contrast=\"auto\">Contact data: 3 years after last contact<\/span><span data-ccp-props=\"{}\">\u00a0<\/span><\/li><li><span data-contrast=\"auto\">Browsing data (cookies): 13 months maximum<\/span><span data-ccp-props=\"{}\">\u00a0<\/span><\/li><\/ul><h3><span data-contrast=\"auto\">Security<\/span><span data-ccp-props=\"{}\">\u00a0<\/span><\/h3><p><span data-contrast=\"auto\">Glog implements all appropriate technical and organisational measures to protect personal data against loss, unauthorised access or disclosure.<\/span><span data-ccp-props=\"{}\">\u00a0<\/span><\/p><h3><span data-contrast=\"auto\">Your rights<\/span><span data-ccp-props=\"{}\">\u00a0<\/span><\/h3><p><span data-contrast=\"auto\">In accordance with current legislation (RGPD), you have the following rights:<\/span><span data-ccp-props=\"{}\">\u00a0<\/span><\/p><ul><li><span data-contrast=\"auto\">Right of access to your data<\/span><span data-ccp-props=\"{}\">\u00a0<\/span><\/li><li><span data-contrast=\"auto\">Right of rectification<\/span><span data-ccp-props=\"{}\">\u00a0<\/span><\/li><li><span data-contrast=\"auto\">Right to erasure<\/span><span data-ccp-props=\"{}\">\u00a0<\/span><\/li><li><span data-contrast=\"auto\">Right to restrict processing<\/span><span data-ccp-props=\"{}\">\u00a0<\/span><\/li><li><span data-contrast=\"auto\">Right to object<\/span><span data-ccp-props=\"{}\">\u00a0<\/span><\/li><li><span data-contrast=\"auto\">Right to portability<\/span><span data-ccp-props=\"{}\">\u00a0<\/span><\/li><\/ul><p><span data-contrast=\"auto\">You can exercise these rights by contacting us at the following address <\/span><a href=\"mailto:contact@gpggranit.com\"><span data-contrast=\"none\">contact@gpggranit.com<\/span><\/a>\u00a0<br \/><span data-contrast=\"auto\"> If you have any problems, you can contact the CNIL (<\/span><a href=\"https:\/\/www.cnil.fr\/\"><span data-contrast=\"none\">www.cnil.fr<\/span><\/a><span data-contrast=\"auto\">).<\/span><span data-ccp-props=\"{}\">\u00a0<\/span><\/p>\t\t\t\t\t\t\t\t<\/div>\n\t\t\t\t<\/div>\n\t\t\t\t\t<\/div>\n\t\t\t\t<\/div>\n\t\t\t\t<\/div>","protected":false},"excerpt":{"rendered":"<p>Politique de Confidentialit\u00e9 Gestion des cookies\u00a0 Qu\u2019est-ce qu\u2019un cookie ?\u00a0 Un cookie est un petit fichier texte d\u00e9pos\u00e9 sur votre terminal (ordinateur, smartphone, tablette\u2026) lors de la visite d\u2019un site internet. Les cookies sont largement utilis\u00e9s pour faire fonctionner les sites, am\u00e9liorer leur performance ou fournir des informations aux propri\u00e9taires du site.\u00a0 Pourquoi utilisons-nous des [&hellip;]<\/p>\n","protected":false},"author":1,"featured_media":0,"parent":0,"menu_order":-140,"comment_status":"closed","ping_status":"closed","template":"page-full-width.php","meta":{"footnotes":""},"class_list":["post-6334","page","type-page","status-publish","hentry"],"_links":{"self":[{"href":"https:\/\/www.glog.fr\/en\/wp-json\/wp\/v2\/pages\/6334","targetHints":{"allow":["GET"]}}],"collection":[{"href":"https:\/\/www.glog.fr\/en\/wp-json\/wp\/v2\/pages"}],"about":[{"href":"https:\/\/www.glog.fr\/en\/wp-json\/wp\/v2\/types\/page"}],"author":[{"embeddable":true,"href":"https:\/\/www.glog.fr\/en\/wp-json\/wp\/v2\/users\/1"}],"replies":[{"embeddable":true,"href":"https:\/\/www.glog.fr\/en\/wp-json\/wp\/v2\/comments?post=6334"}],"version-history":[{"count":7,"href":"https:\/\/www.glog.fr\/en\/wp-json\/wp\/v2\/pages\/6334\/revisions"}],"predecessor-version":[{"id":6348,"href":"https:\/\/www.glog.fr\/en\/wp-json\/wp\/v2\/pages\/6334\/revisions\/6348"}],"wp:attachment":[{"href":"https:\/\/www.glog.fr\/en\/wp-json\/wp\/v2\/media?parent=6334"}],"curies":[{"name":"wp","href":"https:\/\/api.w.org\/{rel}","templated":true}]}}