{"id":6327,"date":"2025-07-17T15:31:37","date_gmt":"2025-07-17T13:31:37","guid":{"rendered":"https:\/\/clients.linuit-web.fr\/glog\/?page_id=6327"},"modified":"2025-07-18T09:37:39","modified_gmt":"2025-07-18T07:37:39","slug":"legal-information","status":"publish","type":"page","link":"https:\/\/www.glog.fr\/en\/mentions-legales\/","title":{"rendered":"Legal information"},"content":{"rendered":"<div data-elementor-type=\"wp-page\" data-elementor-id=\"6327\" class=\"elementor elementor-6327\">\n\t\t\t\t<div class=\"elementor-element elementor-element-32fb2fe e-con-full e-flex e-con e-parent\" data-id=\"32fb2fe\" data-element_type=\"container\" data-settings=\"{&quot;background_background&quot;:&quot;classic&quot;}\">\n\t\t\t\t<div class=\"elementor-element elementor-element-0adedd6 elementor-widget elementor-widget-freightexpress_core_section_title\" data-id=\"0adedd6\" data-element_type=\"widget\" data-widget_type=\"freightexpress_core_section_title.default\">\n\t\t\t\t<div class=\"elementor-widget-container\">\n\t\t\t\t\t<div class=\"qodef-shortcode qodef-m header_home_title qodef-section-title qodef-alignment--left\">\n    \t\t<h1 class=\"qodef-m-title\" style=\"color: #FFFFFF\">\n\t\t\tLegal information\t<\/h1>\n\t    <\/div>\n\t\t\t\t<\/div>\n\t\t\t\t<\/div>\n\t\t\t\t<\/div>\n\t\t<div class=\"elementor-element elementor-element-c183f5b e-flex e-con-boxed e-con e-parent\" data-id=\"c183f5b\" data-element_type=\"container\">\n\t\t\t\t\t<div class=\"e-con-inner\">\n\t\t\t\t<div class=\"elementor-element elementor-element-df92863 elementor-widget__width-inherit elementor-widget elementor-widget-text-editor\" data-id=\"df92863\" data-element_type=\"widget\" data-widget_type=\"text-editor.default\">\n\t\t\t\t<div class=\"elementor-widget-container\">\n\t\t\t\t\t\t\t\t\t<h2><span data-contrast=\"auto\">Site publisher<\/span><span data-ccp-props=\"{}\">\u00a0<\/span><\/h2><p><span data-contrast=\"auto\">This website is published by :<\/span>\u00a0<br \/><span data-contrast=\"auto\"> Glog - hereinafter referred to as \u00abthe Site Owner\u00bb<\/span>\u00a0<br \/><span data-contrast=\"auto\"> Soci\u00e9t\u00e9 par Actions Simplifi\u00e9e (SAS) with capital of 5,000.00 euros<\/span>\u00a0<br \/><span data-contrast=\"auto\"> Registered with the Registre du Commerce et des Soci\u00e9t\u00e9s de Rennes under number 878 179 274 00013<\/span>\u00a0<br \/><span data-contrast=\"auto\"> Head office: Rue Didier Daurat - ZAC Airlande - 35136 Saint-Jacques-de-la-Lande - France<\/span>\u00a0<br \/><span data-contrast=\"auto\"> Telephone: 02 23 20 10 10<\/span>\u00a0<br \/><span data-contrast=\"auto\"> The site's Publication Director is Mr Alexis JUBERT, in his capacity as Chairman of Glog.<\/span><span data-ccp-props=\"{}\">\u00a0<\/span><\/p><h2><span data-contrast=\"auto\">Hosting<\/span><span data-ccp-props=\"{}\">\u00a0<\/span><\/h2><p><span data-contrast=\"auto\">The site is hosted by :<\/span><span data-ccp-props=\"{}\">\u00a0<\/span><\/p><p><span data-contrast=\"auto\">\u00a0Inovacom.\u00a0\u00a0<\/span><span data-ccp-props=\"{}\">\u00a0<\/span><\/p><p><span data-contrast=\"auto\">Rungis MIN<\/span>\u00a0<br \/><span data-contrast=\"auto\">Building G5B<\/span>\u00a0<br \/><span data-contrast=\"auto\">5 Rue de la Corderie<\/span>\u00a0<br \/><span data-contrast=\"auto\">94550 Chevilly-Larue, \u00cele-de-France<\/span><span data-ccp-props=\"{}\">\u00a0<\/span><\/p><p><span data-contrast=\"auto\">Technical support telephone number: 01 84 20 13 00<\/span>\u00a0<br \/><span data-contrast=\"auto\">Telephone sales department: 01 84 20 13 02<\/span>\u00a0<br \/><span data-contrast=\"auto\">E-mail : <\/span><a href=\"mailto:contact@inovacom.fr\"><span data-contrast=\"none\">contact@inovacom.fr<\/span><\/a><span data-ccp-props=\"{}\">\u00a0<\/span><\/p><p><span data-ccp-props=\"{}\">\u00a0<\/span><\/p><h2><span data-contrast=\"auto\">Creation and maintenance\u00a0<\/span><span data-ccp-props=\"{}\">\u00a0<\/span><\/h2><p><span data-contrast=\"auto\">Agence l'Inuit<\/span>\u00a0<br \/><span data-contrast=\"auto\">2 Av. Albert de Mun, 44600 Saint-Nazaire<\/span>\u00a0<br \/><a href=\"http:\/\/www.linuit.com\/\"><span data-contrast=\"none\">http:\/\/www.linuit.com\/<\/span><\/a>\u00a0<br \/><span data-contrast=\"auto\">Tel : 0630131167\u00a0\u00a0<\/span><span data-ccp-props=\"{}\">\u00a0<\/span><\/p><h2><span data-contrast=\"auto\">Personal data<\/span><span data-ccp-props=\"{}\">\u00a0<\/span><\/h2><p><span data-contrast=\"auto\">For any information on our personal data management policy, please consult the page dedicated to this purpose.<\/span><span data-ccp-props=\"{}\">\u00a0<\/span><\/p><h2><span data-contrast=\"auto\">Cookies<\/span><span data-ccp-props=\"{}\">\u00a0<\/span><\/h2><p><span data-contrast=\"auto\">The site uses cookies to improve your user experience and measure the site's audience.<\/span>\u00a0<br \/><span data-contrast=\"auto\"> To find out more about the use of cookies and to manage your preferences, you can consult our <\/span><span data-contrast=\"none\">Cookie management policy.<\/span><\/p><h2><span data-contrast=\"auto\">Hyperlinks<\/span><span data-ccp-props=\"{}\">\u00a0<\/span><\/h2><p><span data-contrast=\"auto\">The creation of hypertext links to this site is subject to the prior written authorisation of the Site Owner.<\/span>\u00a0<br \/><span data-contrast=\"auto\"> By clicking on a hypertext link or an advertising banner, the user may be redirected to an external site. The Site Owner cannot be held responsible for the content of these sites or their personal data management policy.<\/span>\u00a0<br \/><span data-contrast=\"auto\"> Furthermore, this site may have been linked to other sites without the Site Owner's knowledge. The Site Owner declines all responsibility for the information presented on these other sites.<\/span><span data-ccp-props=\"{}\">\u00a0<\/span><\/p><h2><span data-contrast=\"auto\">Liability<\/span><span data-ccp-props=\"{}\">\u00a0<\/span><\/h2><p><span data-contrast=\"auto\">The Site Owner makes every effort to ensure that the information published on this site is accurate and up-to-date. However, it cannot be held responsible for any errors or omissions.<\/span>\u00a0<br \/><span data-contrast=\"auto\"> The Site Owner may not be held liable for any direct or indirect damage resulting from access to or use of the site, including inaccessibility, loss of data, damage or viruses that may affect the user's computer equipment.<\/span><span data-ccp-props=\"{}\">\u00a0<\/span><\/p><h2><span data-contrast=\"auto\">Intellectual property<\/span><span data-ccp-props=\"{}\">\u00a0<\/span><\/h2><p><span data-contrast=\"auto\">All the elements present on the site <\/span><a href=\"http:\/\/www.glog.fr\/en\/\"><span data-contrast=\"none\">www.glog.fr<\/span><\/a><span data-contrast=\"auto\"> is the exclusive property of Glog.<\/span>\u00a0<br \/><span data-contrast=\"auto\"> Any reproduction, representation, modification or distribution of these elements, without the prior written authorisation of the Site Owner, is strictly prohibited.<\/span>\u00a0<br \/><span data-contrast=\"auto\"> The trademarks and logos appearing on this site are protected. Any reproduction, in whole or in part, without the written authorisation of the Site Owner or the third party holding the rights is prohibited.<\/span>\u00a0<br \/><span data-contrast=\"auto\">The images and photographs are the property of the Site Owner or are used with the authorisation of the holders of the rights concerned. Their use by third parties is prohibited without express authorisation.<\/span><span data-ccp-props=\"{}\"> Photo credit : <a href=\"https:\/\/oxanaphotography.fr\/\">Oxana Photography <\/a><\/span><\/p><h2><span data-contrast=\"auto\">Illegal content or behaviour<\/span><span data-ccp-props=\"{}\">\u00a0<\/span><\/h2><p><span data-contrast=\"auto\">You can report any illegal content or behaviour you encounter on this site by sending an email to <\/span><span data-contrast=\"auto\">To the following address\u00a0<\/span><a href=\"mailto:contact@glog.fr\"><span data-contrast=\"none\">contact@gpggranit.com<\/span><\/a><span data-ccp-props=\"{}\">\u00a0<\/span><\/p><h2><span data-contrast=\"auto\">Applicable law<\/span><span data-ccp-props=\"{}\">\u00a0<\/span><\/h2><p><span data-contrast=\"auto\">This legal notice is governed by French law. Any dispute relating to the use of the site will fall within the exclusive jurisdiction of the French courts.<\/span><span data-ccp-props=\"{}\">\u00a0<\/span><\/p><h2><span data-contrast=\"auto\">Changes<\/span><span data-ccp-props=\"{}\">\u00a0<\/span><\/h2><p><span data-contrast=\"auto\">The Site Owner reserves the right to modify or update this legal notice at any time and without prior notice to users.<\/span><span data-ccp-props=\"{}\">\u00a0<\/span><\/p>\t\t\t\t\t\t\t\t<\/div>\n\t\t\t\t<\/div>\n\t\t\t\t\t<\/div>\n\t\t\t\t<\/div>\n\t\t\t\t<\/div>","protected":false},"excerpt":{"rendered":"<p>Mentions l\u00e9gales \u00c9diteur du site\u00a0 Le pr\u00e9sent site est \u00e9dit\u00e9 par :\u00a0 Glog \u2013 ci-apr\u00e8s d\u00e9nomm\u00e9 \u00ab Le Propri\u00e9taire du Site \u00bb\u00a0 Soci\u00e9t\u00e9 par Actions Simplifi\u00e9e (SAS) au capital de 5 000,00 euros\u00a0 Immatricul\u00e9e au Registre du Commerce et des Soci\u00e9t\u00e9s de Rennes sous le num\u00e9ro 878 179 274 00013\u00a0 Si\u00e8ge social : Rue Didier [&hellip;]<\/p>\n","protected":false},"author":1,"featured_media":0,"parent":0,"menu_order":-150,"comment_status":"closed","ping_status":"closed","template":"page-full-width.php","meta":{"footnotes":""},"class_list":["post-6327","page","type-page","status-publish","hentry"],"_links":{"self":[{"href":"https:\/\/www.glog.fr\/en\/wp-json\/wp\/v2\/pages\/6327","targetHints":{"allow":["GET"]}}],"collection":[{"href":"https:\/\/www.glog.fr\/en\/wp-json\/wp\/v2\/pages"}],"about":[{"href":"https:\/\/www.glog.fr\/en\/wp-json\/wp\/v2\/types\/page"}],"author":[{"embeddable":true,"href":"https:\/\/www.glog.fr\/en\/wp-json\/wp\/v2\/users\/1"}],"replies":[{"embeddable":true,"href":"https:\/\/www.glog.fr\/en\/wp-json\/wp\/v2\/comments?post=6327"}],"version-history":[{"count":10,"href":"https:\/\/www.glog.fr\/en\/wp-json\/wp\/v2\/pages\/6327\/revisions"}],"predecessor-version":[{"id":6345,"href":"https:\/\/www.glog.fr\/en\/wp-json\/wp\/v2\/pages\/6327\/revisions\/6345"}],"wp:attachment":[{"href":"https:\/\/www.glog.fr\/en\/wp-json\/wp\/v2\/media?parent=6327"}],"curies":[{"name":"wp","href":"https:\/\/api.w.org\/{rel}","templated":true}]}}