{"id":6334,"date":"2025-07-17T15:35:30","date_gmt":"2025-07-17T13:35:30","guid":{"rendered":"https:\/\/clients.linuit-web.fr\/glog\/?page_id=6334"},"modified":"2025-07-18T09:51:46","modified_gmt":"2025-07-18T07:51:46","slug":"datenschutzrichtlinie-2","status":"publish","type":"page","link":"https:\/\/www.glog.fr\/de\/politique-de-confidentialite-2\/","title":{"rendered":"Datenschutzrichtlinie"},"content":{"rendered":"<div data-elementor-type=\"wp-page\" data-elementor-id=\"6334\" class=\"elementor elementor-6334\">\n\t\t\t\t<div class=\"elementor-element elementor-element-32fb2fe e-con-full e-flex e-con e-parent\" data-id=\"32fb2fe\" data-element_type=\"container\" data-settings=\"{&quot;background_background&quot;:&quot;classic&quot;}\">\n\t\t\t\t<div class=\"elementor-element elementor-element-0adedd6 elementor-widget elementor-widget-freightexpress_core_section_title\" data-id=\"0adedd6\" data-element_type=\"widget\" data-widget_type=\"freightexpress_core_section_title.default\">\n\t\t\t\t<div class=\"elementor-widget-container\">\n\t\t\t\t\t<div class=\"qodef-shortcode qodef-m header_home_title qodef-section-title qodef-alignment--left\">\n    \t\t<h1 class=\"qodef-m-title\" style=\"color: #FFFFFF\">\n\t\t\tDatenschutzrichtlinie \t<\/h1>\n\t    <\/div>\n\t\t\t\t<\/div>\n\t\t\t\t<\/div>\n\t\t\t\t<\/div>\n\t\t<div class=\"elementor-element elementor-element-c183f5b e-flex e-con-boxed e-con e-parent\" data-id=\"c183f5b\" data-element_type=\"container\">\n\t\t\t\t\t<div class=\"e-con-inner\">\n\t\t\t\t<div class=\"elementor-element elementor-element-df92863 elementor-widget__width-inherit elementor-widget elementor-widget-text-editor\" data-id=\"df92863\" data-element_type=\"widget\" data-widget_type=\"text-editor.default\">\n\t\t\t\t<div class=\"elementor-widget-container\">\n\t\t\t\t\t\t\t\t\t<h2><span data-contrast=\"auto\">Verwaltung von Cookies<\/span><span data-ccp-props=\"{}\">\u00a0<\/span><\/h2><p><span data-contrast=\"auto\">Was ist ein Cookie?<\/span><span data-ccp-props=\"{}\">\u00a0<\/span><\/p><p><span data-contrast=\"auto\">Ein Cookie ist eine kleine Textdatei, die beim Besuch einer Website auf Ihrem Endger\u00e4t (Computer, Smartphone, Tablett...) abgelegt wird. Cookies werden h\u00e4ufig verwendet, um Websites zu betreiben, ihre Leistung zu verbessern oder den Eigent\u00fcmern der Website Informationen zur Verf\u00fcgung zu stellen.<\/span><span data-ccp-props=\"{}\">\u00a0<\/span><\/p><h2><span data-contrast=\"auto\">Warum verwenden wir Cookies?<\/span><span data-ccp-props=\"{}\">\u00a0<\/span><\/h2><p><span data-contrast=\"auto\">Die Seite <\/span><a href=\"http:\/\/www.glog.fr\/de\/\"><span data-contrast=\"none\">www.glog.fr<\/span><\/a><span data-contrast=\"auto\"> verwendet Cookies, um :<\/span><span data-ccp-props=\"{}\">\u00a0<\/span><\/p><p><span data-contrast=\"auto\">Den reibungslosen Betrieb der Website sicherstellen<\/span><span data-ccp-props=\"{}\">\u00a0<\/span><\/p><p><span data-contrast=\"auto\">Messung des Publikums und der Leistung der Website (Besucherstatistiken)<\/span><span data-ccp-props=\"{}\">\u00a0<\/span><\/p><p><span data-contrast=\"auto\">Verbesserung der Nutzererfahrung<\/span><span data-ccp-props=\"{}\">\u00a0<\/span><\/p><h2><span data-contrast=\"auto\">Arten der verwendeten Cookies<\/span><span data-ccp-props=\"{}\">\u00a0<\/span><\/h2><ol><li><span data-contrast=\"auto\">Unbedingt notwendige Cookies<\/span>\u00a0<br \/><span data-contrast=\"auto\"> Diese Cookies sind f\u00fcr das reibungslose Funktionieren der Website unerl\u00e4sslich. Sie dienen zum Beispiel dazu, die Sicherheit und Zug\u00e4nglichkeit der Website zu gew\u00e4hrleisten.<\/span><span data-ccp-props=\"{}\">\u00a0<\/span><\/li><li><span data-contrast=\"auto\">Cookies zur Messung des Publikums<\/span>\u00a0<br \/><span data-contrast=\"auto\"> Diese Cookies erm\u00f6glichen es uns, Informationen \u00fcber die Nutzung und den Besuch der Website zu sammeln, um den Inhalt und die Benutzerfreundlichkeit der Website \u00fcber Piano Analytics zu verbessern.<\/span><span data-ccp-props=\"{}\">\u00a0<\/span><\/li><li><span data-contrast=\"auto\">Cookies zur Personalisierung <\/span>\u00a0<br \/><span data-contrast=\"auto\"> Diese Cookies erm\u00f6glichen es, bestimmte Inhalte auf der Grundlage Ihres Surfverhaltens zu personalisieren.<\/span><span data-ccp-props=\"{}\">\u00a0<\/span><\/li><\/ol><h2><span data-contrast=\"auto\">Verwaltung von Cookies<\/span><span data-ccp-props=\"{}\">\u00a0<\/span><\/h2><p><span data-contrast=\"auto\">Bei Ihrem ersten Besuch auf der Website werden Sie in einem Banner \u00fcber die Verwendung von Cookies informiert und k\u00f6nnen Ihre Pr\u00e4ferenzen einstellen.<\/span>\u00a0<br \/><span data-contrast=\"auto\"> Sie k\u00f6nnen Ihre Wahl bez\u00fcglich der Cookies jederzeit \u00fcber den Pr\u00e4ferenzmanager auf der Website \u00e4ndern.<\/span><span data-ccp-props=\"{}\">\u00a0<\/span><\/p><p><span data-contrast=\"auto\">Sie k\u00f6nnen Ihren Browser auch so einstellen, dass er alle oder einige der Cookies ablehnt. Weitere Informationen :<\/span><span data-ccp-props=\"{}\">\u00a0<\/span><\/p><ul><li><span data-contrast=\"auto\">CNIL: Cookies, die Werkzeuge, um sie zu beherrschen<\/span><span data-ccp-props=\"{}\">\u00a0<\/span><\/li><\/ul><h2><span data-contrast=\"auto\">Dauer der Speicherung von Cookies<\/span><span data-ccp-props=\"{}\">\u00a0<\/span><\/h2><p><span data-contrast=\"auto\">Cookies werden f\u00fcr maximal 13 Monate ab dem Zeitpunkt gespeichert, an dem sie auf Ihrem Endger\u00e4t abgelegt wurden.<\/span><span data-ccp-props=\"{}\">\u00a0<\/span><\/p><p><span data-ccp-props=\"{}\">\u00a0<\/span><\/p><h2><span data-contrast=\"auto\">Datenschutzrichtlinie<\/span><span data-ccp-props=\"{}\">\u00a0<\/span><\/h2><h3><span data-contrast=\"auto\">Verantwortlicher f\u00fcr die Verarbeitung<\/span><span data-ccp-props=\"{}\">\u00a0<\/span><\/h3><p><span data-contrast=\"auto\">Der Verantwortliche f\u00fcr die Verarbeitung der auf der Website erhobenen personenbezogenen Daten ist :<\/span>\u00a0<br \/><span data-contrast=\"auto\"> Glog<\/span>\u00a0<br \/><span data-contrast=\"auto\"> Rue Didier Daurat - ZAC Airlande - 35136 Saint-Jacques-de-la-Lande<\/span>\u00a0<br \/><span data-contrast=\"auto\"> Kontakt-E-Mail : <\/span><a href=\"mailto:contact@glog.fr\"><span data-contrast=\"none\">contact@glog.fr<\/span><\/a><span data-contrast=\"auto\"> (zu best\u00e4tigen)<\/span><span data-ccp-props=\"{}\">\u00a0<\/span><\/p><h3><span data-contrast=\"auto\">Gesammelte Daten<\/span><span data-ccp-props=\"{}\">\u00a0<\/span><\/h3><p><span data-contrast=\"auto\">Wir erheben und verarbeiten personenbezogene Daten im Rahmen unseres BtoB-Austauschs :<\/span><span data-ccp-props=\"{}\">\u00a0<\/span><\/p><ul><li><span data-contrast=\"auto\">Kontaktformular (Name, Vorname, Firma, E-Mail-Adresse, Telefon)<\/span><span data-ccp-props=\"{}\">\u00a0<\/span><\/li><li><span data-contrast=\"auto\">Navigationsdaten (IP-Adresse, Cookies, Publikumsstatistiken)<\/span><span data-ccp-props=\"{}\">\u00a0<\/span><\/li><\/ul><h3><span data-contrast=\"auto\">Zweck der Verarbeitung<\/span><span data-ccp-props=\"{}\">\u00a0<\/span><\/h3><p><span data-contrast=\"auto\">Die erhobenen Daten werden zu folgenden Zwecken verarbeitet:<\/span><span data-ccp-props=\"{}\">\u00a0<\/span><\/p><ul><li><span data-contrast=\"auto\">Verwaltung von Kontakt- und Informationsanfragen<\/span><span data-ccp-props=\"{}\">\u00a0<\/span><\/li><li><span data-contrast=\"auto\">Verwaltung von Gesch\u00e4ftsbeziehungen<\/span><span data-ccp-props=\"{}\">\u00a0<\/span><\/li><li><span data-contrast=\"auto\">Verbesserung unserer Dienstleistungen<\/span><span data-ccp-props=\"{}\">\u00a0<\/span><\/li><li><span data-contrast=\"auto\">Statistische Analyse der Nutzung der Website<\/span><span data-ccp-props=\"{}\">\u00a0<\/span><\/li><\/ul><h3><span data-contrast=\"auto\">Gesetzliche Grundlage<\/span><span data-ccp-props=\"{}\">\u00a0<\/span><\/h3><p><span data-contrast=\"auto\">Die Datenverarbeitung beruht auf :<\/span><span data-ccp-props=\"{}\">\u00a0<\/span><\/p><ul><li><span data-contrast=\"auto\">Unser berechtigtes Interesse, Anfragen zu beantworten und unsere Dienstleistungen zu verbessern<\/span><span data-ccp-props=\"{}\">\u00a0<\/span><\/li><li><span data-contrast=\"auto\">Die vorherige Zustimmung f\u00fcr zustimmungspflichtige Cookies<\/span><span data-ccp-props=\"{}\">\u00a0<\/span><\/li><\/ul><h3><span data-contrast=\"auto\">Teilen von Daten<\/span><span data-ccp-props=\"{}\">\u00a0<\/span><\/h3><p><span data-contrast=\"auto\">Die Daten werden nur an befugte Personen von Glog und an seine technischen Dienstleister (Webhoster, Webentwickler) weitergegeben, und zwar ausschlie\u00dflich im Rahmen der Verwaltung der Website.<\/span><span data-ccp-props=\"{}\">\u00a0<\/span><\/p><p><span data-contrast=\"auto\">Die Daten werden in keinem Fall an Dritte weiterverkauft.<\/span><span data-ccp-props=\"{}\">\u00a0<\/span><\/p><h3><span data-contrast=\"auto\">Dauer der Aufbewahrung<\/span><span data-ccp-props=\"{}\">\u00a0<\/span><\/h3><p><span data-contrast=\"auto\">Personenbezogene Daten werden nur so lange aufbewahrt, wie es f\u00fcr den Zweck der Verarbeitung unbedingt erforderlich ist :<\/span><span data-ccp-props=\"{}\">\u00a0<\/span><\/p><ul><li><span data-contrast=\"auto\">Kontaktdaten: 3 Jahre nach dem letzten Kontakt<\/span><span data-ccp-props=\"{}\">\u00a0<\/span><\/li><li><span data-contrast=\"auto\">Navigationsdaten (Cookies): maximal 13 Monate<\/span><span data-ccp-props=\"{}\">\u00a0<\/span><\/li><\/ul><h3><span data-contrast=\"auto\">Sicherheit<\/span><span data-ccp-props=\"{}\">\u00a0<\/span><\/h3><p><span data-contrast=\"auto\">Glog setzt alle geeigneten technischen und organisatorischen Ma\u00dfnahmen ein, um personenbezogene Daten vor Verlust, unberechtigtem Zugriff oder Offenlegung zu sch\u00fctzen.<\/span><span data-ccp-props=\"{}\">\u00a0<\/span><\/p><h3><span data-contrast=\"auto\">Ihre Rechte<\/span><span data-ccp-props=\"{}\">\u00a0<\/span><\/h3><p><span data-contrast=\"auto\">Gem\u00e4\u00df der geltenden Gesetzgebung (DSGVO) haben Sie die folgenden Rechte:<\/span><span data-ccp-props=\"{}\">\u00a0<\/span><\/p><ul><li><span data-contrast=\"auto\">Recht auf Zugang zu Ihren Daten<\/span><span data-ccp-props=\"{}\">\u00a0<\/span><\/li><li><span data-contrast=\"auto\">Recht auf Berichtigung<\/span><span data-ccp-props=\"{}\">\u00a0<\/span><\/li><li><span data-contrast=\"auto\">Recht auf L\u00f6schung<\/span><span data-ccp-props=\"{}\">\u00a0<\/span><\/li><li><span data-contrast=\"auto\">Recht auf Einschr\u00e4nkung der Verarbeitung<\/span><span data-ccp-props=\"{}\">\u00a0<\/span><\/li><li><span data-contrast=\"auto\">Recht auf Widerspruch<\/span><span data-ccp-props=\"{}\">\u00a0<\/span><\/li><li><span data-contrast=\"auto\">Recht auf \u00dcbertragbarkeit<\/span><span data-ccp-props=\"{}\">\u00a0<\/span><\/li><\/ul><p><span data-contrast=\"auto\">Sie k\u00f6nnen diese Rechte aus\u00fcben, indem Sie uns unter der folgenden Adresse kontaktieren: <\/span><a href=\"mailto:contact@gpggranit.com\"><span data-contrast=\"none\">contact@gpggranit.com<\/span><\/a>\u00a0<br \/><span data-contrast=\"auto\"> Bei Schwierigkeiten k\u00f6nnen Sie sich an die CNIL (<\/span><a href=\"https:\/\/www.cnil.fr\/\"><span data-contrast=\"none\">www.cnil.fr<\/span><\/a><span data-contrast=\"auto\">).<\/span><span data-ccp-props=\"{}\">\u00a0<\/span><\/p>\t\t\t\t\t\t\t\t<\/div>\n\t\t\t\t<\/div>\n\t\t\t\t\t<\/div>\n\t\t\t\t<\/div>\n\t\t\t\t<\/div>","protected":false},"excerpt":{"rendered":"<p>Politique de Confidentialit\u00e9 Gestion des cookies\u00a0 Qu\u2019est-ce qu\u2019un cookie ?\u00a0 Un cookie est un petit fichier texte d\u00e9pos\u00e9 sur votre terminal (ordinateur, smartphone, tablette\u2026) lors de la visite d\u2019un site internet. Les cookies sont largement utilis\u00e9s pour faire fonctionner les sites, am\u00e9liorer leur performance ou fournir des informations aux propri\u00e9taires du site.\u00a0 Pourquoi utilisons-nous des [&hellip;]<\/p>\n","protected":false},"author":1,"featured_media":0,"parent":0,"menu_order":-140,"comment_status":"closed","ping_status":"closed","template":"page-full-width.php","meta":{"footnotes":""},"class_list":["post-6334","page","type-page","status-publish","hentry"],"_links":{"self":[{"href":"https:\/\/www.glog.fr\/de\/wp-json\/wp\/v2\/pages\/6334","targetHints":{"allow":["GET"]}}],"collection":[{"href":"https:\/\/www.glog.fr\/de\/wp-json\/wp\/v2\/pages"}],"about":[{"href":"https:\/\/www.glog.fr\/de\/wp-json\/wp\/v2\/types\/page"}],"author":[{"embeddable":true,"href":"https:\/\/www.glog.fr\/de\/wp-json\/wp\/v2\/users\/1"}],"replies":[{"embeddable":true,"href":"https:\/\/www.glog.fr\/de\/wp-json\/wp\/v2\/comments?post=6334"}],"version-history":[{"count":7,"href":"https:\/\/www.glog.fr\/de\/wp-json\/wp\/v2\/pages\/6334\/revisions"}],"predecessor-version":[{"id":6348,"href":"https:\/\/www.glog.fr\/de\/wp-json\/wp\/v2\/pages\/6334\/revisions\/6348"}],"wp:attachment":[{"href":"https:\/\/www.glog.fr\/de\/wp-json\/wp\/v2\/media?parent=6334"}],"curies":[{"name":"wp","href":"https:\/\/api.w.org\/{rel}","templated":true}]}}