{"id":6327,"date":"2025-07-17T15:31:37","date_gmt":"2025-07-17T13:31:37","guid":{"rendered":"https:\/\/clients.linuit-web.fr\/glog\/?page_id=6327"},"modified":"2025-07-18T09:37:39","modified_gmt":"2025-07-18T07:37:39","slug":"rechtliche-hinweise","status":"publish","type":"page","link":"https:\/\/www.glog.fr\/de\/mentions-legales\/","title":{"rendered":"Rechtliche Hinweise"},"content":{"rendered":"<div data-elementor-type=\"wp-page\" data-elementor-id=\"6327\" class=\"elementor elementor-6327\">\n\t\t\t\t<div class=\"elementor-element elementor-element-32fb2fe e-con-full e-flex e-con e-parent\" data-id=\"32fb2fe\" data-element_type=\"container\" data-settings=\"{&quot;background_background&quot;:&quot;classic&quot;}\">\n\t\t\t\t<div class=\"elementor-element elementor-element-0adedd6 elementor-widget elementor-widget-freightexpress_core_section_title\" data-id=\"0adedd6\" data-element_type=\"widget\" data-widget_type=\"freightexpress_core_section_title.default\">\n\t\t\t\t<div class=\"elementor-widget-container\">\n\t\t\t\t\t<div class=\"qodef-shortcode qodef-m header_home_title qodef-section-title qodef-alignment--left\">\n    \t\t<h1 class=\"qodef-m-title\" style=\"color: #FFFFFF\">\n\t\t\tRechtliche Hinweise\t<\/h1>\n\t    <\/div>\n\t\t\t\t<\/div>\n\t\t\t\t<\/div>\n\t\t\t\t<\/div>\n\t\t<div class=\"elementor-element elementor-element-c183f5b e-flex e-con-boxed e-con e-parent\" data-id=\"c183f5b\" data-element_type=\"container\">\n\t\t\t\t\t<div class=\"e-con-inner\">\n\t\t\t\t<div class=\"elementor-element elementor-element-df92863 elementor-widget__width-inherit elementor-widget elementor-widget-text-editor\" data-id=\"df92863\" data-element_type=\"widget\" data-widget_type=\"text-editor.default\">\n\t\t\t\t<div class=\"elementor-widget-container\">\n\t\t\t\t\t\t\t\t\t<h2><span data-contrast=\"auto\">Herausgeber der Seite<\/span><span data-ccp-props=\"{}\">\u00a0<\/span><\/h2><p><span data-contrast=\"auto\">Die vorliegende Website wird herausgegeben von :<\/span>\u00a0<br \/><span data-contrast=\"auto\"> Glog - im Folgenden als \u00abDer Eigent\u00fcmer der Seite\u00bb bezeichnet\u00bb<\/span>\u00a0<br \/><span data-contrast=\"auto\"> Vereinfachte Aktiengesellschaft (SAS) mit einem Kapital von 5.000,00 Euro<\/span>\u00a0<br \/><span data-contrast=\"auto\"> Eingetragen im Handels- und Gesellschaftsregister von Rennes unter der Nummer 878 179 274 00013<\/span>\u00a0<br \/><span data-contrast=\"auto\"> Hauptsitz: Rue Didier Daurat - ZAC Airlande - 35136 Saint-Jacques-de-la-Lande<\/span>\u00a0<br \/><span data-contrast=\"auto\"> Telefon: 02 23 20 10 10<\/span>\u00a0<br \/><span data-contrast=\"auto\"> Der Direktor f\u00fcr die Ver\u00f6ffentlichung der Website ist Herr Alexis JUBERT in seiner Funktion als Pr\u00e4sident von Glog.<\/span><span data-ccp-props=\"{}\">\u00a0<\/span><\/p><h2><span data-contrast=\"auto\">Unterkunft<\/span><span data-ccp-props=\"{}\">\u00a0<\/span><\/h2><p><span data-contrast=\"auto\">Die Website wird gehostet von :<\/span><span data-ccp-props=\"{}\">\u00a0<\/span><\/p><p><span data-contrast=\"auto\">\u00a0Das Unternehmen Inovacom.\u00a0\u00a0<\/span><span data-ccp-props=\"{}\">\u00a0<\/span><\/p><p><span data-contrast=\"auto\">MIN de Rungis<\/span>\u00a0<br \/><span data-contrast=\"auto\">Geb\u00e4ude G5B<\/span>\u00a0<br \/><span data-contrast=\"auto\">5 Rue de la Corderie<\/span>\u00a0<br \/><span data-contrast=\"auto\">94550 Chevilly-Larue, \u00cele-de-France<\/span><span data-ccp-props=\"{}\">\u00a0<\/span><\/p><p><span data-contrast=\"auto\">Telefon Technischer Support: 01 84 20 13 00<\/span>\u00a0<br \/><span data-contrast=\"auto\">Telefon Verkaufsabteilung: 01 84 20 13 02<\/span>\u00a0<br \/><span data-contrast=\"auto\">E-Mail: <\/span><a href=\"mailto:contact@inovacom.fr\"><span data-contrast=\"none\">contact@inovacom.fr<\/span><\/a><span data-ccp-props=\"{}\">\u00a0<\/span><\/p><p><span data-ccp-props=\"{}\">\u00a0<\/span><\/p><h2><span data-contrast=\"auto\">Erstellung und Pflege\u00a0<\/span><span data-ccp-props=\"{}\">\u00a0<\/span><\/h2><p><span data-contrast=\"auto\">Agentur l'Inuit<\/span>\u00a0<br \/><span data-contrast=\"auto\">2 Av. Albert de Mun, 44600 Saint-Nazaire<\/span>\u00a0<br \/><a href=\"http:\/\/www.linuit.com\/\"><span data-contrast=\"none\">http:\/\/www.linuit.com\/<\/span><\/a>\u00a0<br \/><span data-contrast=\"auto\">Tel: 0630131167\u00a0\u00a0<\/span><span data-ccp-props=\"{}\">\u00a0<\/span><\/p><h2><span data-contrast=\"auto\">Pers\u00f6nliche Daten<\/span><span data-ccp-props=\"{}\">\u00a0<\/span><\/h2><p><span data-contrast=\"auto\">F\u00fcr Informationen \u00fcber unsere Politik zum Umgang mit pers\u00f6nlichen Daten laden wir Sie ein, die daf\u00fcr vorgesehene Seite zu besuchen.<\/span><span data-ccp-props=\"{}\">\u00a0<\/span><\/p><h2><span data-contrast=\"auto\">Cookies<\/span><span data-ccp-props=\"{}\">\u00a0<\/span><\/h2><p><span data-contrast=\"auto\">Die Website verwendet Cookies, um Ihre Benutzererfahrung zu verbessern und die Besucherzahlen der Website zu messen.<\/span>\u00a0<br \/><span data-contrast=\"auto\"> Um mehr \u00fcber die Verwendung von Cookies zu erfahren und Ihre Einstellungen zu verwalten, k\u00f6nnen Sie unsere <\/span><span data-contrast=\"none\">Richtlinien f\u00fcr die Verwaltung von Cookies.<\/span><\/p><h2><span data-contrast=\"auto\">Hyperlinks<\/span><span data-ccp-props=\"{}\">\u00a0<\/span><\/h2><p><span data-contrast=\"auto\">Die Einrichtung von Hypertext-Links zu dieser Website bedarf der vorherigen schriftlichen Genehmigung des Eigent\u00fcmers der Website.<\/span>\u00a0<br \/><span data-contrast=\"auto\"> Wenn der Nutzer auf einen Hyperlink oder ein Werbebanner klickt, kann er auf eine externe Website weitergeleitet werden. Der Eigent\u00fcmer der Seite ist weder f\u00fcr den Inhalt dieser Seiten noch f\u00fcr deren Politik im Umgang mit pers\u00f6nlichen Daten verantwortlich.<\/span>\u00a0<br \/><span data-contrast=\"auto\"> Dar\u00fcber hinaus kann diese Website ohne ihr Wissen mit anderen Websites verlinkt worden sein. Der Eigent\u00fcmer der Website \u00fcbernimmt keine Verantwortung f\u00fcr die Informationen, die auf diesen anderen Websites dargestellt werden.<\/span><span data-ccp-props=\"{}\">\u00a0<\/span><\/p><h2><span data-contrast=\"auto\">Verantwortung<\/span><span data-ccp-props=\"{}\">\u00a0<\/span><\/h2><p><span data-contrast=\"auto\">Der Eigent\u00fcmer der Website unternimmt alle Anstrengungen, um die Richtigkeit und Aktualit\u00e4t der auf dieser Website verbreiteten Informationen zu gew\u00e4hrleisten. Er kann jedoch nicht f\u00fcr Fehler oder Auslassungen haftbar gemacht werden.<\/span>\u00a0<br \/><span data-contrast=\"auto\"> Der Eigent\u00fcmer der Website haftet nicht f\u00fcr direkte oder indirekte Sch\u00e4den, die sich aus dem Zugang oder der Nutzung der Website ergeben, einschlie\u00dflich Unzug\u00e4nglichkeit, Datenverlust, Besch\u00e4digung oder Viren, die die Computerausr\u00fcstung des Nutzers beeintr\u00e4chtigen k\u00f6nnen.<\/span><span data-ccp-props=\"{}\">\u00a0<\/span><\/p><h2><span data-contrast=\"auto\">Geistiges Eigentum<\/span><span data-ccp-props=\"{}\">\u00a0<\/span><\/h2><p><span data-contrast=\"auto\">Die Gesamtheit der auf der Seite vorhandenen Elemente <\/span><a href=\"http:\/\/www.glog.fr\/de\/\"><span data-contrast=\"none\">www.glog.fr<\/span><\/a><span data-contrast=\"auto\"> ist das alleinige Eigentum von Glog.<\/span>\u00a0<br \/><span data-contrast=\"auto\"> Jede Vervielf\u00e4ltigung, Darstellung, \u00c4nderung oder Verbreitung dieser Elemente ohne die vorherige schriftliche Genehmigung des Eigent\u00fcmers der Website ist strengstens untersagt.<\/span>\u00a0<br \/><span data-contrast=\"auto\"> Die Marken und Logos auf dieser Website sind gesch\u00fctzt. Jede vollst\u00e4ndige oder teilweise Vervielf\u00e4ltigung ohne schriftliche Genehmigung des Eigent\u00fcmers der Website oder der dritten Rechteinhaber ist untersagt.<\/span>\u00a0<br \/><span data-contrast=\"auto\">Die Bilder und Fotografien sind Eigentum des Eigent\u00fcmers der Website oder werden mit Genehmigung der Inhaber der betreffenden Rechte verwendet. Ihre Nutzung durch Dritte ist ohne ausdr\u00fcckliche Genehmigung untersagt.<\/span><span data-ccp-props=\"{}\"> Bildnachweis : <a href=\"https:\/\/oxanaphotography.fr\/\">Oxana Photography <\/a><\/span><\/p><h2><span data-contrast=\"auto\">Rechtswidrige Inhalte oder Verhaltensweisen<\/span><span data-ccp-props=\"{}\">\u00a0<\/span><\/h2><p><span data-contrast=\"auto\">Sie k\u00f6nnen illegale Inhalte oder Verhaltensweisen, auf die Sie auf dieser Seite sto\u00dfen, melden, indem Sie eine E-Mail an <\/span><span data-contrast=\"auto\">An die folgende Adresse:\u00a0<\/span><a href=\"mailto:contact@glog.fr\"><span data-contrast=\"none\">contact@gpggranit.com<\/span><\/a><span data-ccp-props=\"{}\">\u00a0<\/span><\/p><h2><span data-contrast=\"auto\">Anwendbares Recht<\/span><span data-ccp-props=\"{}\">\u00a0<\/span><\/h2><p><span data-contrast=\"auto\">Die vorliegenden rechtlichen Hinweise unterliegen dem franz\u00f6sischen Recht. F\u00fcr alle Streitigkeiten im Zusammenhang mit der Nutzung der Website sind ausschlie\u00dflich die franz\u00f6sischen Gerichte zust\u00e4ndig.<\/span><span data-ccp-props=\"{}\">\u00a0<\/span><\/p><h2><span data-contrast=\"auto\">\u00c4nderungen<\/span><span data-ccp-props=\"{}\">\u00a0<\/span><\/h2><p><span data-contrast=\"auto\">Der Eigent\u00fcmer der Website beh\u00e4lt sich das Recht vor, diese rechtlichen Hinweise jederzeit und ohne vorherige Benachrichtigung der Nutzer zu \u00e4ndern oder zu aktualisieren.<\/span><span data-ccp-props=\"{}\">\u00a0<\/span><\/p>\t\t\t\t\t\t\t\t<\/div>\n\t\t\t\t<\/div>\n\t\t\t\t\t<\/div>\n\t\t\t\t<\/div>\n\t\t\t\t<\/div>","protected":false},"excerpt":{"rendered":"<p>Mentions l\u00e9gales \u00c9diteur du site\u00a0 Le pr\u00e9sent site est \u00e9dit\u00e9 par :\u00a0 Glog \u2013 ci-apr\u00e8s d\u00e9nomm\u00e9 \u00ab Le Propri\u00e9taire du Site \u00bb\u00a0 Soci\u00e9t\u00e9 par Actions Simplifi\u00e9e (SAS) au capital de 5 000,00 euros\u00a0 Immatricul\u00e9e au Registre du Commerce et des Soci\u00e9t\u00e9s de Rennes sous le num\u00e9ro 878 179 274 00013\u00a0 Si\u00e8ge social : Rue Didier [&hellip;]<\/p>\n","protected":false},"author":1,"featured_media":0,"parent":0,"menu_order":-150,"comment_status":"closed","ping_status":"closed","template":"page-full-width.php","meta":{"footnotes":""},"class_list":["post-6327","page","type-page","status-publish","hentry"],"_links":{"self":[{"href":"https:\/\/www.glog.fr\/de\/wp-json\/wp\/v2\/pages\/6327","targetHints":{"allow":["GET"]}}],"collection":[{"href":"https:\/\/www.glog.fr\/de\/wp-json\/wp\/v2\/pages"}],"about":[{"href":"https:\/\/www.glog.fr\/de\/wp-json\/wp\/v2\/types\/page"}],"author":[{"embeddable":true,"href":"https:\/\/www.glog.fr\/de\/wp-json\/wp\/v2\/users\/1"}],"replies":[{"embeddable":true,"href":"https:\/\/www.glog.fr\/de\/wp-json\/wp\/v2\/comments?post=6327"}],"version-history":[{"count":10,"href":"https:\/\/www.glog.fr\/de\/wp-json\/wp\/v2\/pages\/6327\/revisions"}],"predecessor-version":[{"id":6345,"href":"https:\/\/www.glog.fr\/de\/wp-json\/wp\/v2\/pages\/6327\/revisions\/6345"}],"wp:attachment":[{"href":"https:\/\/www.glog.fr\/de\/wp-json\/wp\/v2\/media?parent=6327"}],"curies":[{"name":"wp","href":"https:\/\/api.w.org\/{rel}","templated":true}]}}