{"id":6082,"date":"2025-07-04T10:55:35","date_gmt":"2025-07-04T08:55:35","guid":{"rendered":"https:\/\/clients.linuit-web.fr\/glog\/?page_id=6082"},"modified":"2026-03-12T10:02:06","modified_gmt":"2026-03-12T09:02:06","slug":"uns-kontaktieren","status":"publish","type":"page","link":"https:\/\/www.glog.fr\/de\/nous-contacter\/","title":{"rendered":"Uns kontaktieren"},"content":{"rendered":"<div data-elementor-type=\"wp-page\" data-elementor-id=\"6082\" class=\"elementor elementor-6082\">\n\t\t\t\t<div class=\"elementor-element elementor-element-32fb2fe e-con-full e-flex e-con e-parent\" data-id=\"32fb2fe\" data-element_type=\"container\" data-settings=\"{&quot;background_background&quot;:&quot;classic&quot;}\">\n\t\t\t\t<div class=\"elementor-element elementor-element-0adedd6 elementor-widget elementor-widget-freightexpress_core_section_title\" data-id=\"0adedd6\" data-element_type=\"widget\" data-widget_type=\"freightexpress_core_section_title.default\">\n\t\t\t\t<div class=\"elementor-widget-container\">\n\t\t\t\t\t<div class=\"qodef-shortcode qodef-m header_home_title qodef-section-title qodef-alignment--left\">\n    \t\t<h1 class=\"qodef-m-title\" style=\"color: #FFFFFF\">\n\t\t\tKontaktieren Sie uns\t<\/h1>\n\t    <\/div>\n\t\t\t\t<\/div>\n\t\t\t\t<\/div>\n\t\t\t\t<\/div>\n\t\t<div class=\"elementor-element elementor-element-c183f5b e-flex e-con-boxed e-con e-parent\" data-id=\"c183f5b\" data-element_type=\"container\">\n\t\t\t\t\t<div class=\"e-con-inner\">\n\t\t<div class=\"elementor-element elementor-element-275fede e-con-full e-flex e-con e-child\" data-id=\"275fede\" data-element_type=\"container\">\n\t\t\t\t<div class=\"elementor-element elementor-element-05430ac elementor-widget__width-initial elementor-widget elementor-widget-text-editor\" data-id=\"05430ac\" data-element_type=\"widget\" data-widget_type=\"text-editor.default\">\n\t\t\t\t<div class=\"elementor-widget-container\">\n\t\t\t\t\t\t\t\t\t<h2>Unsere Kontaktdaten<\/h2><h4>Haben Sie eine Frage, einen Bedarf oder ein Logistikprojekt, das Sie uns anvertrauen m\u00f6chten?<\/h4><p>Die GLOG-Teams stehen Ihnen zur Verf\u00fcgung.<br \/>F\u00fcllen Sie das Kontaktformular aus oder wenden Sie sich direkt an uns: Wir werden Ihnen so schnell wie m\u00f6glich antworten.<\/p>\t\t\t\t\t\t\t\t<\/div>\n\t\t\t\t<\/div>\n\t\t\t\t<div class=\"elementor-element elementor-element-f9f019b elementor-widget__width-initial elementor-widget elementor-widget-text-editor\" data-id=\"f9f019b\" data-element_type=\"widget\" data-widget_type=\"text-editor.default\">\n\t\t\t\t<div class=\"elementor-widget-container\">\n\t\t\t\t\t\t\t\t\t<h3>Standort Nr. 1<\/h3><p><span style=\"color: #333333;\"><a style=\"color: #333333;\" href=\"https:\/\/www.google.com\/maps\/place\/\/data=!4m2!3m1!1s0x48093764eddcbec7:0x347a30c33d2c1e43?sa=X&amp;ved=1t:8290&amp;ictx=111\" target=\"_blank\" rel=\"noreferrer noopener\">La Chartrie,<br \/>35133 Saint-Germain-en-Cogl\u00e8s<\/a><\/span><\/p><p><span style=\"color: #333333;\">Tel:<\/span> <a style=\"color: #1f59c4;\" href=\"tel:+0222910550\" target=\"_self\">02 22 91 05 50\u00a0<\/a><\/p><p><span style=\"color: #333333;\">E-Mail:<\/span> <a style=\"color: #1f59c4;\" href=\"mailto:logistique@gpggranit.com\" target=\"_self\">logistique@gpggranit.com<\/a><\/p>\t\t\t\t\t\t\t\t<\/div>\n\t\t\t\t<\/div>\n\t\t\t\t<div class=\"elementor-element elementor-element-9640f78 elementor-widget__width-initial elementor-widget elementor-widget-text-editor\" data-id=\"9640f78\" data-element_type=\"widget\" data-widget_type=\"text-editor.default\">\n\t\t\t\t<div class=\"elementor-widget-container\">\n\t\t\t\t\t\t\t\t\t<h3>Standort Nr. 2<\/h3><p><span style=\"color: #333333;\"><a style=\"color: #333333;\" href=\"https:\/\/www.google.com\/maps\/place\/\/data=!4m2!3m1!1s0x47f461e372fcc4f3:0xc62363feabae4263?sa=X&amp;ved=1t:8290&amp;ictx=111\" target=\"_blank\" rel=\"noreferrer noopener\">47 Rue de la Noyeraie,<br \/>69490 Sarcey<\/a><\/span><\/p><p><span style=\"color: #333333;\">Tel:<\/span>\u00a0<span style=\"color: #333333;\">\u00a0<a style=\"color: #1f59c4;\" href=\"tel:+0222910550\" target=\"_self\">02 22 91 05 50\u00a0<\/a><\/span><\/p><p><span style=\"color: #333333;\">E-Mail:<\/span> <a style=\"color: #1f59c4;\" href=\"mailto:logistique@gpggranit.com\" target=\"_self\">logistique@gpggranit.com<\/a><\/p>\t\t\t\t\t\t\t\t<\/div>\n\t\t\t\t<\/div>\n\t\t\t\t<\/div>\n\t\t<div class=\"elementor-element elementor-element-010ba13 e-con-full e-flex e-con e-child\" data-id=\"010ba13\" data-element_type=\"container\">\n\t\t\t\t<div class=\"elementor-element elementor-element-bf8ab43 elementor-widget__width-inherit elementor-widget elementor-widget-text-editor\" data-id=\"bf8ab43\" data-element_type=\"widget\" data-no-translation=\"\" data-widget_type=\"text-editor.default\">\n\t\t\t\t<div class=\"elementor-widget-container\">\n\t\t\t\t\t<style>.elementor-element-bf8ab43{display:none !important}<\/style>\t\t\t\t<\/div>\n\t\t\t\t<\/div>\n\t\t\t\t<div class=\"elementor-element elementor-element-43a788b elementor-widget__width-inherit elementor-widget elementor-widget-text-editor\" data-id=\"43a788b\" data-element_type=\"widget\" data-widget_type=\"text-editor.default\">\n\t\t\t\t<div class=\"elementor-widget-container\">\n\t\t\t\t\t\t\t\t\t<div data-tf-live=\"01KKE5XDE067J2WYD6DW8KXZJN\">\u00a0<\/div><p><script src=\"\/\/embed.typeform.com\/next\/embed.js\"><\/script><\/p>\t\t\t\t\t\t\t\t<\/div>\n\t\t\t\t<\/div>\n\t\t\t\t<\/div>\n\t\t\t\t\t<\/div>\n\t\t\t\t<\/div>\n\t\t<div class=\"elementor-element elementor-element-b8af723 e-con-full e-flex e-con e-parent\" data-id=\"b8af723\" data-element_type=\"container\">\n\t\t\t\t<div class=\"elementor-element elementor-element-806316f elementor-widget-tablet__width-inherit elementor-widget-mobile__width-inherit elementor-widget__width-inherit elementor-widget elementor-widget-text-editor\" data-id=\"806316f\" data-element_type=\"widget\" data-widget_type=\"text-editor.default\">\n\t\t\t\t<div class=\"elementor-widget-container\">\n\t\t\t\t\t\t\t\t\t<iframe src=\"\/\/umap.openstreetmap.fr\/fr\/map\/carte-sans-nom_1250378?scaleControl=false&amp;miniMap=false&amp;scrollWheelZoom=false&amp;zoomControl=true&amp;editMode=disabled&amp;moreControl=true&amp;searchControl=null&amp;tilelayersControl=null&amp;embedControl=null&amp;datalayersControl=true&amp;onLoadPanel=none&amp;captionBar=false&amp;captionMenus=true\" width=\"100%\" height=\"550px\" frameborder=\"0\" allowfullscreen=\"allowfullscreen\"><\/iframe>\t\t\t\t\t\t\t\t<\/div>\n\t\t\t\t<\/div>\n\t\t\t\t<\/div>\n\t\t\t\t<\/div>","protected":false},"excerpt":{"rendered":"<p>Nous contacter Nos coordonn\u00e9es de contact Une question, un besoin, un projet logistique \u00e0 nous confier ? Les \u00e9quipes GLOG sont \u00e0 votre \u00e9coute.Remplissez le formulaire de contact ou contactez-nous directement : nous vous r\u00e9pondrons dans les meilleurs d\u00e9lais. Site n\u00b01 La Chartrie,35133 Saint-Germain-en-Cogl\u00e8s Tel : 02 22 91 05 50\u00a0 Email : logistique@gpggranit.com Site [&hellip;]<\/p>\n","protected":false},"author":1,"featured_media":0,"parent":0,"menu_order":-160,"comment_status":"closed","ping_status":"closed","template":"page-full-width.php","meta":{"footnotes":""},"class_list":["post-6082","page","type-page","status-publish","hentry"],"_links":{"self":[{"href":"https:\/\/www.glog.fr\/de\/wp-json\/wp\/v2\/pages\/6082","targetHints":{"allow":["GET"]}}],"collection":[{"href":"https:\/\/www.glog.fr\/de\/wp-json\/wp\/v2\/pages"}],"about":[{"href":"https:\/\/www.glog.fr\/de\/wp-json\/wp\/v2\/types\/page"}],"author":[{"embeddable":true,"href":"https:\/\/www.glog.fr\/de\/wp-json\/wp\/v2\/users\/1"}],"replies":[{"embeddable":true,"href":"https:\/\/www.glog.fr\/de\/wp-json\/wp\/v2\/comments?post=6082"}],"version-history":[{"count":3,"href":"https:\/\/www.glog.fr\/de\/wp-json\/wp\/v2\/pages\/6082\/revisions"}],"predecessor-version":[{"id":7255,"href":"https:\/\/www.glog.fr\/de\/wp-json\/wp\/v2\/pages\/6082\/revisions\/7255"}],"wp:attachment":[{"href":"https:\/\/www.glog.fr\/de\/wp-json\/wp\/v2\/media?parent=6082"}],"curies":[{"name":"wp","href":"https:\/\/api.w.org\/{rel}","templated":true}]}}